{"id":518,"date":"2021-06-17T14:40:10","date_gmt":"2021-06-17T18:40:10","guid":{"rendered":"http:\/\/pekititirsiacanada.org\/?page_id=518"},"modified":"2026-01-01T23:13:42","modified_gmt":"2026-01-02T04:13:42","slug":"register","status":"publish","type":"page","link":"https:\/\/pekititirsiacanada.org\/fr\/register\/","title":{"rendered":"S'inscrire aux \u00e9v\u00e9nements"},"content":{"rendered":"<p>PTK Canada aide \u00e0 promouvoir les \u00e9v\u00e9nements et offre des formations \u00e0 travers le Canada, pour ses membres, les \u00e9tudiants et d'autres int\u00e9ress\u00e9s par le PTK. Une inscription est requise pour la participation.<\/p>\n\n\n\n<h2><strong>\u00c0 VENIR<\/strong><\/h2>\n\n\n\n<ul><li><strong><mark style=\"background-color:rgba(0, 0, 0, 0)\" class=\"has-inline-color has-vivid-red-color\">NO UPCOMING EVENTS<\/mark><\/strong><\/li><\/ul>\n\n\n\n<hr class=\"wp-block-separator\"\/>\n\n\n\n<h2>PASS\u00c9<\/h2>\n\n\n\n<p><strong><em><strong><em>Mandala Tuhon <\/em><\/strong><\/em><strong>Philip Gelinas<\/strong><em><br><\/em><\/strong>An IRL PTK Training Event (no online component)<br><strong>Combat au double couteaux<\/strong><br>Vendredi 10 f\u00e9vrier 2023 \u00e0 6pm PST<br>Vancouver, BC (Academie Duello)<\/p>\n\n\n\n<figure class=\"wp-block-image size-large\"><img loading=\"lazy\" width=\"791\" height=\"1024\" src=\"http:\/\/pekititirsiacanada.org\/wp-content\/uploads\/2023\/01\/PTK-Canada-Tuhon-Philip-Gelinas-Feb-10-2023-1-791x1024.png\" alt=\"\" class=\"wp-image-663\" srcset=\"https:\/\/pekititirsiacanada.org\/wp-content\/uploads\/2023\/01\/PTK-Canada-Tuhon-Philip-Gelinas-Feb-10-2023-1-791x1024.png 791w, https:\/\/pekititirsiacanada.org\/wp-content\/uploads\/2023\/01\/PTK-Canada-Tuhon-Philip-Gelinas-Feb-10-2023-1-232x300.png 232w, https:\/\/pekititirsiacanada.org\/wp-content\/uploads\/2023\/01\/PTK-Canada-Tuhon-Philip-Gelinas-Feb-10-2023-1-768x994.png 768w, https:\/\/pekititirsiacanada.org\/wp-content\/uploads\/2023\/01\/PTK-Canada-Tuhon-Philip-Gelinas-Feb-10-2023-1-9x12.png 9w, https:\/\/pekititirsiacanada.org\/wp-content\/uploads\/2023\/01\/PTK-Canada-Tuhon-Philip-Gelinas-Feb-10-2023-1.png 816w\" sizes=\"(max-width: 767px) 89vw, (max-width: 1000px) 54vw, (max-width: 1071px) 543px, 580px\" \/><\/figure>\n\n\n\n<hr class=\"wp-block-separator\"\/>\n\n\n\n<p><strong><em><strong><em>Guro <\/em><\/strong><\/em><strong>Hoang Minh Pham<\/strong><em><br><\/em><\/strong>Une session d'entra\u00eenement PTK en direct<br><strong>Le Pekiti-Tirsia mis \u00e0 l'\u00e9preuve du point de vue d'un \"Dog Brother\"<\/strong><br>Samedi 28 janvier 2023 @ 4pm PST\/<strong><strong>7pm ET<\/strong><\/strong><\/p>\n\n\n\n<figure class=\"wp-block-image size-full\"><img loading=\"lazy\" width=\"639\" height=\"825\" src=\"http:\/\/pekititirsiacanada.org\/wp-content\/uploads\/2022\/12\/Screen-Shot-12-08-22-at-05.45-PM.png\" alt=\"\" class=\"wp-image-652\" srcset=\"https:\/\/pekititirsiacanada.org\/wp-content\/uploads\/2022\/12\/Screen-Shot-12-08-22-at-05.45-PM.png 639w, https:\/\/pekititirsiacanada.org\/wp-content\/uploads\/2022\/12\/Screen-Shot-12-08-22-at-05.45-PM-232x300.png 232w, https:\/\/pekititirsiacanada.org\/wp-content\/uploads\/2022\/12\/Screen-Shot-12-08-22-at-05.45-PM-9x12.png 9w\" sizes=\"(max-width: 639px) 100vw, 639px\" \/><\/figure>\n\n\n\n<p><strong><em>West Coast PTK JAM 2022 <\/em><\/strong><br>featuring Tuhon Philip Gelinas and Tuhon Loki Jorgenson<br>A 2-day Pekiti-Tirsia Kali training intensive in Vancouver, BC <br><strong>Sat\/Sun Aug 6\/7, 2022<\/strong> <\/p>\n\n\n\n<figure class=\"wp-block-image size-large\"><img loading=\"lazy\" width=\"791\" height=\"1024\" src=\"http:\/\/pekititirsiacanada.org\/wp-content\/uploads\/2022\/06\/PTK-Canada-maelstrom-Wet-Coast-JAM-2022-791x1024.png\" alt=\"\" class=\"wp-image-641\" srcset=\"https:\/\/pekititirsiacanada.org\/wp-content\/uploads\/2022\/06\/PTK-Canada-maelstrom-Wet-Coast-JAM-2022-791x1024.png 791w, https:\/\/pekititirsiacanada.org\/wp-content\/uploads\/2022\/06\/PTK-Canada-maelstrom-Wet-Coast-JAM-2022-232x300.png 232w, https:\/\/pekititirsiacanada.org\/wp-content\/uploads\/2022\/06\/PTK-Canada-maelstrom-Wet-Coast-JAM-2022-768x994.png 768w, https:\/\/pekititirsiacanada.org\/wp-content\/uploads\/2022\/06\/PTK-Canada-maelstrom-Wet-Coast-JAM-2022-9x12.png 9w, https:\/\/pekititirsiacanada.org\/wp-content\/uploads\/2022\/06\/PTK-Canada-maelstrom-Wet-Coast-JAM-2022.png 816w\" sizes=\"(max-width: 767px) 89vw, (max-width: 1000px) 54vw, (max-width: 1071px) 543px, 580px\" \/><\/figure>\n\n\n\n<p><strong><em>Agalon <\/em>Kevin Kelsall<\/strong><br>A <em>Live<\/em> Stream PTK Training Event<br>Using PTK in Film Choreography<br><strong>Saturday Jun 11, 2022 @ 5pm PT\/8pm ET<\/strong><\/p>\n\n\n\n<figure class=\"wp-block-image size-large\"><img loading=\"lazy\" width=\"791\" height=\"1024\" src=\"http:\/\/pekititirsiacanada.org\/wp-content\/uploads\/2022\/06\/PTK-Canada-PTK-Fight-Choreography-Ag.-Kevin-Kelsall-791x1024.png\" alt=\"\" class=\"wp-image-622\" srcset=\"https:\/\/pekititirsiacanada.org\/wp-content\/uploads\/2022\/06\/PTK-Canada-PTK-Fight-Choreography-Ag.-Kevin-Kelsall-791x1024.png 791w, https:\/\/pekititirsiacanada.org\/wp-content\/uploads\/2022\/06\/PTK-Canada-PTK-Fight-Choreography-Ag.-Kevin-Kelsall-232x300.png 232w, https:\/\/pekititirsiacanada.org\/wp-content\/uploads\/2022\/06\/PTK-Canada-PTK-Fight-Choreography-Ag.-Kevin-Kelsall-768x994.png 768w, https:\/\/pekititirsiacanada.org\/wp-content\/uploads\/2022\/06\/PTK-Canada-PTK-Fight-Choreography-Ag.-Kevin-Kelsall-9x12.png 9w, https:\/\/pekititirsiacanada.org\/wp-content\/uploads\/2022\/06\/PTK-Canada-PTK-Fight-Choreography-Ag.-Kevin-Kelsall.png 816w\" sizes=\"(max-width: 767px) 89vw, (max-width: 1000px) 54vw, (max-width: 1071px) 543px, 580px\" \/><\/figure>\n\n\n\n<p><strong><em>Tuhon <\/em>Loki Jorgenson and <em>Mandala<\/em> Zack Garcia <\/strong><br>A <em>Live<\/em> Stream PTK Training Event<br>12pm PT\/3pm ET (120 minutes)<br><strong>Sunday <\/strong>Apr 10, 2022<\/p>\n\n\n\n<figure class=\"wp-block-image size-large\"><img loading=\"lazy\" width=\"791\" height=\"1024\" src=\"http:\/\/pekititirsiacanada.org\/wp-content\/uploads\/2022\/03\/April-10-2022-Zack-and-Loki-PTK-Canada-791x1024.png\" alt=\"\" class=\"wp-image-612\" srcset=\"https:\/\/pekititirsiacanada.org\/wp-content\/uploads\/2022\/03\/April-10-2022-Zack-and-Loki-PTK-Canada-791x1024.png 791w, https:\/\/pekititirsiacanada.org\/wp-content\/uploads\/2022\/03\/April-10-2022-Zack-and-Loki-PTK-Canada-232x300.png 232w, https:\/\/pekititirsiacanada.org\/wp-content\/uploads\/2022\/03\/April-10-2022-Zack-and-Loki-PTK-Canada-768x994.png 768w, https:\/\/pekititirsiacanada.org\/wp-content\/uploads\/2022\/03\/April-10-2022-Zack-and-Loki-PTK-Canada-9x12.png 9w, https:\/\/pekititirsiacanada.org\/wp-content\/uploads\/2022\/03\/April-10-2022-Zack-and-Loki-PTK-Canada.png 816w\" sizes=\"(max-width: 767px) 89vw, (max-width: 1000px) 54vw, (max-width: 1071px) 543px, 580px\" \/><\/figure>\n\n\n\n<p><strong><em>Tuhon <\/em>Michel Doiron<\/strong><br>A <em>Live<\/em> Stream PTK Training Event<br>8pm ET\/5pm PT (90 minutes)<br><strong>Saturday <\/strong>Feb 26, 2022<\/p>\n\n\n\n<figure class=\"wp-block-image size-large\"><img loading=\"lazy\" width=\"791\" height=\"1024\" src=\"http:\/\/pekititirsiacanada.org\/wp-content\/uploads\/2022\/02\/PTK-Canada-Live-Tuhon-Michel-Doiron-791x1024.png\" alt=\"\" class=\"wp-image-607\" srcset=\"https:\/\/pekititirsiacanada.org\/wp-content\/uploads\/2022\/02\/PTK-Canada-Live-Tuhon-Michel-Doiron-791x1024.png 791w, https:\/\/pekititirsiacanada.org\/wp-content\/uploads\/2022\/02\/PTK-Canada-Live-Tuhon-Michel-Doiron-232x300.png 232w, https:\/\/pekititirsiacanada.org\/wp-content\/uploads\/2022\/02\/PTK-Canada-Live-Tuhon-Michel-Doiron-768x994.png 768w, https:\/\/pekititirsiacanada.org\/wp-content\/uploads\/2022\/02\/PTK-Canada-Live-Tuhon-Michel-Doiron-9x12.png 9w, https:\/\/pekititirsiacanada.org\/wp-content\/uploads\/2022\/02\/PTK-Canada-Live-Tuhon-Michel-Doiron.png 816w\" sizes=\"(max-width: 767px) 89vw, (max-width: 1000px) 54vw, (max-width: 1071px) 543px, 580px\" \/><\/figure>\n\n\n\n<p><strong><em>Tuhon <\/em>Philip Gelinas<\/strong><br>A <em>Live<\/em> Stream PTK Training Event<br>8pm ET\/5pm PT (90 minutes)<br>Dimanche, 23 Janvier 2022<br><br>Gratuit pour les membres, 50$ pour les non-membres<\/p>\n\n\n\n<figure class=\"wp-block-image size-large\"><img loading=\"lazy\" width=\"791\" height=\"1024\" src=\"http:\/\/pekititirsiacanada.org\/wp-content\/uploads\/2022\/01\/Pangamut-Tuhon-Gelinas-Jan-23-2022-PTK-Canada-791x1024.png\" alt=\"\" class=\"wp-image-601\" srcset=\"https:\/\/pekititirsiacanada.org\/wp-content\/uploads\/2022\/01\/Pangamut-Tuhon-Gelinas-Jan-23-2022-PTK-Canada-791x1024.png 791w, https:\/\/pekititirsiacanada.org\/wp-content\/uploads\/2022\/01\/Pangamut-Tuhon-Gelinas-Jan-23-2022-PTK-Canada-232x300.png 232w, https:\/\/pekititirsiacanada.org\/wp-content\/uploads\/2022\/01\/Pangamut-Tuhon-Gelinas-Jan-23-2022-PTK-Canada-768x994.png 768w, https:\/\/pekititirsiacanada.org\/wp-content\/uploads\/2022\/01\/Pangamut-Tuhon-Gelinas-Jan-23-2022-PTK-Canada-9x12.png 9w, https:\/\/pekititirsiacanada.org\/wp-content\/uploads\/2022\/01\/Pangamut-Tuhon-Gelinas-Jan-23-2022-PTK-Canada.png 816w\" sizes=\"(max-width: 767px) 89vw, (max-width: 1000px) 54vw, (max-width: 1071px) 543px, 580px\" \/><\/figure>\n\n\n\n<p><strong><em>Mandala <\/em>Tony Chana<\/strong><br>A <em>Live<\/em> Stream PTK Training Event<br>7pm ET\/4pm PT (90 minutes)<br>Samedi, 4 D\u00e9c 2021<br><\/p>\n\n\n\n<figure class=\"wp-block-image size-large is-resized\"><img loading=\"lazy\" src=\"http:\/\/pekititirsiacanada.org\/wp-content\/uploads\/2021\/11\/Dec-4-2021-Mandala-Tony-Chana-EyD-Contradas-PTK-Canada-791x1024.png\" alt=\"\" class=\"wp-image-588\" width=\"560\" height=\"724\" srcset=\"https:\/\/pekititirsiacanada.org\/wp-content\/uploads\/2021\/11\/Dec-4-2021-Mandala-Tony-Chana-EyD-Contradas-PTK-Canada-791x1024.png 791w, https:\/\/pekititirsiacanada.org\/wp-content\/uploads\/2021\/11\/Dec-4-2021-Mandala-Tony-Chana-EyD-Contradas-PTK-Canada-232x300.png 232w, https:\/\/pekititirsiacanada.org\/wp-content\/uploads\/2021\/11\/Dec-4-2021-Mandala-Tony-Chana-EyD-Contradas-PTK-Canada-768x994.png 768w, https:\/\/pekititirsiacanada.org\/wp-content\/uploads\/2021\/11\/Dec-4-2021-Mandala-Tony-Chana-EyD-Contradas-PTK-Canada-9x12.png 9w, https:\/\/pekititirsiacanada.org\/wp-content\/uploads\/2021\/11\/Dec-4-2021-Mandala-Tony-Chana-EyD-Contradas-PTK-Canada.png 816w\" sizes=\"(max-width: 560px) 100vw, 560px\" \/><\/figure>\n\n\n\n<p><strong><em>Mandala Tuhon<\/em> Loki Jorgenson<\/strong><br>Le lien entre le Doce Methodos et le Tri-V<br>1:00pm PT\/4:00pm ET (90 minutes)<br>23 oct, 2021<br><br>(R\u00e9serv\u00e9 aux membres de PTK Canada)<\/p>\n\n\n\n<figure class=\"wp-block-image size-large is-resized\"><img loading=\"lazy\" src=\"http:\/\/pekititirsiacanada.org\/wp-content\/uploads\/2021\/10\/Oct-23-2021-Bridging-DM-To-Tri-V-PTK-Canada-791x1024.png\" alt=\"\" class=\"wp-image-572\" width=\"554\" height=\"717\" srcset=\"https:\/\/pekititirsiacanada.org\/wp-content\/uploads\/2021\/10\/Oct-23-2021-Bridging-DM-To-Tri-V-PTK-Canada-791x1024.png 791w, https:\/\/pekititirsiacanada.org\/wp-content\/uploads\/2021\/10\/Oct-23-2021-Bridging-DM-To-Tri-V-PTK-Canada-232x300.png 232w, https:\/\/pekititirsiacanada.org\/wp-content\/uploads\/2021\/10\/Oct-23-2021-Bridging-DM-To-Tri-V-PTK-Canada-768x994.png 768w, https:\/\/pekititirsiacanada.org\/wp-content\/uploads\/2021\/10\/Oct-23-2021-Bridging-DM-To-Tri-V-PTK-Canada-9x12.png 9w, https:\/\/pekititirsiacanada.org\/wp-content\/uploads\/2021\/10\/Oct-23-2021-Bridging-DM-To-Tri-V-PTK-Canada.png 816w\" sizes=\"(max-width: 554px) 100vw, 554px\" \/><\/figure>\n\n\n\n<hr class=\"wp-block-separator\"\/>\n\n\n\n<p><strong><em>Mandala Tuhon<\/em> Philip Gelinas<\/strong><br>Les applications de Juego Todo\/Juego Tirada<br>5:45pm PT\/8:45pm ET (60 minutes)<br>15 ao\u00fbt, 2021<br><br>(R\u00e9serv\u00e9 aux membres de PTK Canada)<\/p>\n\n\n\n<figure class=\"wp-block-image size-large is-resized\"><img src=\"http:\/\/pekititirsiacanada.org\/wp-content\/uploads\/2021\/08\/Philip-Gelinas-Aug-15-2021-PTK-Canada-1-791x1024.png\" alt=\"\" class=\"wp-image-536\" width=\"555\" srcset=\"https:\/\/pekititirsiacanada.org\/wp-content\/uploads\/2021\/08\/Philip-Gelinas-Aug-15-2021-PTK-Canada-1-791x1024.png 791w, https:\/\/pekititirsiacanada.org\/wp-content\/uploads\/2021\/08\/Philip-Gelinas-Aug-15-2021-PTK-Canada-1-232x300.png 232w, https:\/\/pekititirsiacanada.org\/wp-content\/uploads\/2021\/08\/Philip-Gelinas-Aug-15-2021-PTK-Canada-1-768x994.png 768w, https:\/\/pekititirsiacanada.org\/wp-content\/uploads\/2021\/08\/Philip-Gelinas-Aug-15-2021-PTK-Canada-1-9x12.png 9w, https:\/\/pekititirsiacanada.org\/wp-content\/uploads\/2021\/08\/Philip-Gelinas-Aug-15-2021-PTK-Canada-1.png 816w\" sizes=\"(max-width: 767px) 89vw, (max-width: 1000px) 54vw, (max-width: 1071px) 543px, 580px\" \/><\/figure>\n\n\n\n<p><strong><em>Mandala Tuhon<\/em> Philip Gelinas<\/strong><br>Juego Todo\/Juego Tirada, du Doce Methodos dans le Pekiti Tirsia Kali.<br>5pm PT\/8pm ET<br>27 juin, 2021<br><br> (R\u00e9serv\u00e9 aux membres de PTK Canada)<\/p>\n\n\n\n<figure class=\"wp-block-image size-large\"><img loading=\"lazy\" width=\"555\" height=\"726\" src=\"http:\/\/pekititirsiacanada.org\/wp-content\/uploads\/2021\/06\/TuhonGelinas-JuegoTodo-Tirada-Jun27-2021-2.png\" alt=\"\" class=\"wp-image-521\" srcset=\"https:\/\/pekititirsiacanada.org\/wp-content\/uploads\/2021\/06\/TuhonGelinas-JuegoTodo-Tirada-Jun27-2021-2.png 555w, https:\/\/pekititirsiacanada.org\/wp-content\/uploads\/2021\/06\/TuhonGelinas-JuegoTodo-Tirada-Jun27-2021-2-229x300.png 229w, https:\/\/pekititirsiacanada.org\/wp-content\/uploads\/2021\/06\/TuhonGelinas-JuegoTodo-Tirada-Jun27-2021-2-9x12.png 9w\" sizes=\"(max-width: 555px) 100vw, 555px\" \/><\/figure>","protected":false},"excerpt":{"rendered":"<p>PTK Canada promotes, produces and supports training events across Canada &#8211; for its members, their students, and others interested in training PTK. Registration is required. UPCOMING NO UPCOMING EVENTS PAST Mandala Tuhon Philip GelinasAn IRL PTK Training Event (no online component)Fighting Double KnifeFriday Feb 10 2023 @ 6pm PTVancouver, BC (Academie Duello) Guro Hoang Minh &hellip; <\/p>\n<p class=\"link-more\"><a href=\"https:\/\/pekititirsiacanada.org\/fr\/register\/\" class=\"more-link\">Continuer la lecture<span class=\"screen-reader-text\"> de &laquo; Register &raquo;<\/span><\/a><\/p>","protected":false},"author":1,"featured_media":0,"parent":0,"menu_order":0,"comment_status":"closed","ping_status":"closed","template":"","meta":[],"yoast_head":"<!-- This site is optimized with the Yoast SEO plugin v17.0 - https:\/\/yoast.com\/wordpress\/plugins\/seo\/ -->\n<title>Register - PEKITI-TIRSIA CANADA<\/title>\n<meta name=\"robots\" content=\"index, follow, max-snippet:-1, max-image-preview:large, max-video-preview:-1\" \/>\n<link rel=\"canonical\" href=\"http:\/\/pekititirsiacanada.org\/fr\/register\/\" \/>\n<meta property=\"og:locale\" content=\"fr_CA\" \/>\n<meta property=\"og:type\" content=\"article\" \/>\n<meta property=\"og:title\" content=\"Register - PEKITI-TIRSIA CANADA\" \/>\n<meta property=\"og:description\" content=\"PTK Canada promotes, produces and supports training events across Canada &#8211; for its members, their students, and others interested in training PTK. Registration is required. UPCOMING NO UPCOMING EVENTS PAST Mandala Tuhon Philip GelinasAn IRL PTK Training Event (no online component)Fighting Double KnifeFriday Feb 10 2023 @ 6pm PTVancouver, BC (Academie Duello) Guro Hoang Minh &hellip; Continuer la lecture de &laquo; Register &raquo;\" \/>\n<meta property=\"og:url\" content=\"http:\/\/pekititirsiacanada.org\/fr\/register\/\" \/>\n<meta property=\"og:site_name\" content=\"PEKITI-TIRSIA CANADA\" \/>\n<meta property=\"article:publisher\" content=\"https:\/\/www.facebook.com\/Pekiti-Tirsia-Canada-400861130692455\/\" \/>\n<meta property=\"article:modified_time\" content=\"2026-01-02T04:13:42+00:00\" \/>\n<meta property=\"og:image\" content=\"http:\/\/pekititirsiacanada.org\/wp-content\/uploads\/2023\/01\/PTK-Canada-Tuhon-Philip-Gelinas-Feb-10-2023-1-791x1024.png\" \/>\n<meta name=\"twitter:card\" content=\"summary_large_image\" \/>\n<meta name=\"twitter:label1\" content=\"Estimation du temps de lecture\" \/>\n\t<meta name=\"twitter:data1\" content=\"4 minutes\" \/>\n<script type=\"application\/ld+json\" class=\"yoast-schema-graph\">{\"@context\":\"https:\/\/schema.org\",\"@graph\":[{\"@type\":\"Organization\",\"@id\":\"http:\/\/pekititirsiacanada.org\/fr\/#organization\",\"name\":\"Pekiti-Tirsia Canada\",\"url\":\"http:\/\/pekititirsiacanada.org\/fr\/\",\"sameAs\":[\"https:\/\/www.facebook.com\/Pekiti-Tirsia-Canada-400861130692455\/\",\"https:\/\/www.instagram.com\/pekititirsiacanada\/\"],\"logo\":{\"@type\":\"ImageObject\",\"@id\":\"http:\/\/pekititirsiacanada.org\/fr\/#logo\",\"inLanguage\":\"fr-CA\",\"url\":\"http:\/\/pekititirsiacanada.org\/wp-content\/uploads\/2019\/03\/PTGObw.png\",\"contentUrl\":\"http:\/\/pekititirsiacanada.org\/wp-content\/uploads\/2019\/03\/PTGObw.png\",\"width\":940,\"height\":924,\"caption\":\"Pekiti-Tirsia Canada\"},\"image\":{\"@id\":\"http:\/\/pekititirsiacanada.org\/fr\/#logo\"}},{\"@type\":\"WebSite\",\"@id\":\"http:\/\/pekititirsiacanada.org\/fr\/#website\",\"url\":\"http:\/\/pekititirsiacanada.org\/fr\/\",\"name\":\"PEKITI-TIRSIA CANADA\",\"description\":\"The Pekiti-Tirsia System of Kali of Grand Tuhon Leo T. Gaje, jr.\",\"publisher\":{\"@id\":\"http:\/\/pekititirsiacanada.org\/fr\/#organization\"},\"potentialAction\":[{\"@type\":\"SearchAction\",\"target\":{\"@type\":\"EntryPoint\",\"urlTemplate\":\"http:\/\/pekititirsiacanada.org\/fr\/?s={search_term_string}\"},\"query-input\":\"required name=search_term_string\"}],\"inLanguage\":\"fr-CA\"},{\"@type\":\"ImageObject\",\"@id\":\"http:\/\/pekititirsiacanada.org\/register\/#primaryimage\",\"inLanguage\":\"fr-CA\",\"url\":\"http:\/\/pekititirsiacanada.org\/wp-content\/uploads\/2023\/01\/PTK-Canada-Tuhon-Philip-Gelinas-Feb-10-2023-1-791x1024.png\",\"contentUrl\":\"http:\/\/pekititirsiacanada.org\/wp-content\/uploads\/2023\/01\/PTK-Canada-Tuhon-Philip-Gelinas-Feb-10-2023-1-791x1024.png\"},{\"@type\":\"WebPage\",\"@id\":\"http:\/\/pekititirsiacanada.org\/register\/#webpage\",\"url\":\"http:\/\/pekititirsiacanada.org\/register\/\",\"name\":\"Register - PEKITI-TIRSIA CANADA\",\"isPartOf\":{\"@id\":\"http:\/\/pekititirsiacanada.org\/fr\/#website\"},\"primaryImageOfPage\":{\"@id\":\"http:\/\/pekititirsiacanada.org\/register\/#primaryimage\"},\"datePublished\":\"2021-06-17T18:40:10+00:00\",\"dateModified\":\"2026-01-02T04:13:42+00:00\",\"breadcrumb\":{\"@id\":\"http:\/\/pekititirsiacanada.org\/register\/#breadcrumb\"},\"inLanguage\":\"fr-CA\",\"potentialAction\":[{\"@type\":\"ReadAction\",\"target\":[\"http:\/\/pekititirsiacanada.org\/register\/\"]}]},{\"@type\":\"BreadcrumbList\",\"@id\":\"http:\/\/pekititirsiacanada.org\/register\/#breadcrumb\",\"itemListElement\":[{\"@type\":\"ListItem\",\"position\":1,\"name\":\"Home\",\"item\":\"http:\/\/pekititirsiacanada.org\/fr\/\"},{\"@type\":\"ListItem\",\"position\":2,\"name\":\"Register\"}]}]}<\/script>\n<!-- \/ Yoast SEO plugin. -->","yoast_head_json":{"title":"Register - PEKITI-TIRSIA CANADA","robots":{"index":"index","follow":"follow","max-snippet":"max-snippet:-1","max-image-preview":"max-image-preview:large","max-video-preview":"max-video-preview:-1"},"canonical":"http:\/\/pekititirsiacanada.org\/fr\/register\/","og_locale":"fr_CA","og_type":"article","og_title":"Register - PEKITI-TIRSIA CANADA","og_description":"PTK Canada promotes, produces and supports training events across Canada &#8211; for its members, their students, and others interested in training PTK. Registration is required. UPCOMING NO UPCOMING EVENTS PAST Mandala Tuhon Philip GelinasAn IRL PTK Training Event (no online component)Fighting Double KnifeFriday Feb 10 2023 @ 6pm PTVancouver, BC (Academie Duello) Guro Hoang Minh &hellip; Continuer la lecture de &laquo; Register &raquo;","og_url":"http:\/\/pekititirsiacanada.org\/fr\/register\/","og_site_name":"PEKITI-TIRSIA CANADA","article_publisher":"https:\/\/www.facebook.com\/Pekiti-Tirsia-Canada-400861130692455\/","article_modified_time":"2026-01-02T04:13:42+00:00","og_image":[{"url":"http:\/\/pekititirsiacanada.org\/wp-content\/uploads\/2023\/01\/PTK-Canada-Tuhon-Philip-Gelinas-Feb-10-2023-1-791x1024.png"}],"twitter_card":"summary_large_image","twitter_misc":{"Estimation du temps de lecture":"4 minutes"},"schema":{"@context":"https:\/\/schema.org","@graph":[{"@type":"Organization","@id":"http:\/\/pekititirsiacanada.org\/fr\/#organization","name":"Pekiti-Tirsia Canada","url":"http:\/\/pekititirsiacanada.org\/fr\/","sameAs":["https:\/\/www.facebook.com\/Pekiti-Tirsia-Canada-400861130692455\/","https:\/\/www.instagram.com\/pekititirsiacanada\/"],"logo":{"@type":"ImageObject","@id":"http:\/\/pekititirsiacanada.org\/fr\/#logo","inLanguage":"fr-CA","url":"http:\/\/pekititirsiacanada.org\/wp-content\/uploads\/2019\/03\/PTGObw.png","contentUrl":"http:\/\/pekititirsiacanada.org\/wp-content\/uploads\/2019\/03\/PTGObw.png","width":940,"height":924,"caption":"Pekiti-Tirsia Canada"},"image":{"@id":"http:\/\/pekititirsiacanada.org\/fr\/#logo"}},{"@type":"WebSite","@id":"http:\/\/pekititirsiacanada.org\/fr\/#website","url":"http:\/\/pekititirsiacanada.org\/fr\/","name":"PEKITI-TIRSIA CANADA","description":"The Pekiti-Tirsia System of Kali of Grand Tuhon Leo T. Gaje, jr.","publisher":{"@id":"http:\/\/pekititirsiacanada.org\/fr\/#organization"},"potentialAction":[{"@type":"SearchAction","target":{"@type":"EntryPoint","urlTemplate":"http:\/\/pekititirsiacanada.org\/fr\/?s={search_term_string}"},"query-input":"required name=search_term_string"}],"inLanguage":"fr-CA"},{"@type":"ImageObject","@id":"http:\/\/pekititirsiacanada.org\/register\/#primaryimage","inLanguage":"fr-CA","url":"http:\/\/pekititirsiacanada.org\/wp-content\/uploads\/2023\/01\/PTK-Canada-Tuhon-Philip-Gelinas-Feb-10-2023-1-791x1024.png","contentUrl":"http:\/\/pekititirsiacanada.org\/wp-content\/uploads\/2023\/01\/PTK-Canada-Tuhon-Philip-Gelinas-Feb-10-2023-1-791x1024.png"},{"@type":"WebPage","@id":"http:\/\/pekititirsiacanada.org\/register\/#webpage","url":"http:\/\/pekititirsiacanada.org\/register\/","name":"Register - PEKITI-TIRSIA CANADA","isPartOf":{"@id":"http:\/\/pekititirsiacanada.org\/fr\/#website"},"primaryImageOfPage":{"@id":"http:\/\/pekititirsiacanada.org\/register\/#primaryimage"},"datePublished":"2021-06-17T18:40:10+00:00","dateModified":"2026-01-02T04:13:42+00:00","breadcrumb":{"@id":"http:\/\/pekititirsiacanada.org\/register\/#breadcrumb"},"inLanguage":"fr-CA","potentialAction":[{"@type":"ReadAction","target":["http:\/\/pekititirsiacanada.org\/register\/"]}]},{"@type":"BreadcrumbList","@id":"http:\/\/pekititirsiacanada.org\/register\/#breadcrumb","itemListElement":[{"@type":"ListItem","position":1,"name":"Home","item":"http:\/\/pekititirsiacanada.org\/fr\/"},{"@type":"ListItem","position":2,"name":"Register"}]}]}},"_links":{"self":[{"href":"https:\/\/pekititirsiacanada.org\/fr\/wp-json\/wp\/v2\/pages\/518"}],"collection":[{"href":"https:\/\/pekititirsiacanada.org\/fr\/wp-json\/wp\/v2\/pages"}],"about":[{"href":"https:\/\/pekititirsiacanada.org\/fr\/wp-json\/wp\/v2\/types\/page"}],"author":[{"embeddable":true,"href":"https:\/\/pekititirsiacanada.org\/fr\/wp-json\/wp\/v2\/users\/1"}],"replies":[{"embeddable":true,"href":"https:\/\/pekititirsiacanada.org\/fr\/wp-json\/wp\/v2\/comments?post=518"}],"version-history":[{"count":45,"href":"https:\/\/pekititirsiacanada.org\/fr\/wp-json\/wp\/v2\/pages\/518\/revisions"}],"predecessor-version":[{"id":706,"href":"https:\/\/pekititirsiacanada.org\/fr\/wp-json\/wp\/v2\/pages\/518\/revisions\/706"}],"wp:attachment":[{"href":"https:\/\/pekititirsiacanada.org\/fr\/wp-json\/wp\/v2\/media?parent=518"}],"curies":[{"name":"wp","href":"https:\/\/api.w.org\/{rel}","templated":true}]}}