{"id":49,"date":"2019-03-23T15:07:04","date_gmt":"2019-03-23T15:07:04","guid":{"rendered":"http:\/\/pekiti-tirsia.org\/wordpress\/?page_id=49"},"modified":"2026-01-01T23:10:16","modified_gmt":"2026-01-02T04:10:16","slug":"about","status":"publish","type":"page","link":"https:\/\/pekititirsiacanada.org\/fr\/about\/","title":{"rendered":"L'organisation"},"content":{"rendered":"<p>\u00a9 202<em>6 <a href=\"http:\/\/pekititirsiacanada.org\/fr\/copyright-and-permissions\/\" target=\"_blank\" rel=\"noreferrer noopener\">Copyright and Permissions<\/a><mark style=\"background-color:rgba(0, 0, 0, 0);color:#fdf2d2\" class=\"has-inline-color\"><\/mark><mark style=\"background-color:rgba(0, 0, 0, 0);color:#fdf2d2\" class=\"has-inline-color\"><\/mark><mark style=\"background-color:rgba(0, 0, 0, 0);color:#fdf2d2\" class=\"has-inline-color\"><\/mark><\/em><\/p>\n\n\n\n<h2>Pekiti-Tirsia Canada<\/h2>\n\n\n\n<p>Pekiti-Tirsia Canada repr\u00e9sente une communaut\u00e9 nationale de pratiquants d'arts martiaux, de combattants, d'instructeurs et de dirigeants qui se consacrent \u00e0 la pratique du syst\u00e8me de combat philippin, le <strong>syst\u00e8me de Kali Pekiti-Tirsia de <em>Grand Tuhon Supremo<\/em> Leo T. Gaje jr.<\/strong> La communaut\u00e9 canadienne PTK a \u00e9t\u00e9 fond\u00e9e en 1981 et est activement dirig\u00e9e par Mandala Tuhon Philip Gelinas de Montr\u00e9al, Qu\u00e9bec.<\/p>\n\n\n\n<p>Pekiti-Tirsia Canada est supervis\u00e9 par le conseil des Tuhons qui est compos\u00e9 de r\u00e9sidents canadiens ayant re\u00e7u le statut de \"Tuhon\" (\"dirigeant\"), provenant du Grand Tuhon Leo Gaje.  <\/p>\n\n\n\n<div class=\"wp-block-image\"><figure class=\"aligncenter size-medium\"><img loading=\"lazy\" width=\"300\" height=\"82\" src=\"https:\/\/pekititirsiacanada.org\/wp-content\/uploads\/2026\/01\/Screenshot-2026-01-01-200546-1-300x82.png\" alt=\"\" class=\"wp-image-699\" srcset=\"https:\/\/pekititirsiacanada.org\/wp-content\/uploads\/2026\/01\/Screenshot-2026-01-01-200546-1-300x82.png 300w, https:\/\/pekititirsiacanada.org\/wp-content\/uploads\/2026\/01\/Screenshot-2026-01-01-200546-1-18x5.png 18w, https:\/\/pekititirsiacanada.org\/wp-content\/uploads\/2026\/01\/Screenshot-2026-01-01-200546-1.png 450w\" sizes=\"(max-width: 300px) 100vw, 300px\" \/><figcaption>Conseil des Tuhons<\/figcaption><\/figure><\/div>\n\n\n\n<p>Ses membres sont des instructeurs reconnus et certifi\u00e9s dans le syst\u00e8me PTK et sont r\u00e9sidents du Canada. Le Conseil d'Administration de PTK Canada est compos\u00e9 des personnes suivantes:<\/p>\n\n\n\n<figure class=\"wp-block-image size-large is-resized\"><img loading=\"lazy\" src=\"http:\/\/pekititirsiacanada.org\/wp-content\/uploads\/2021\/05\/BoardOfDirectors-PTKcanada.png\" alt=\"\" class=\"wp-image-496\" width=\"521\" height=\"85\" srcset=\"https:\/\/pekititirsiacanada.org\/wp-content\/uploads\/2021\/05\/BoardOfDirectors-PTKcanada.png 833w, https:\/\/pekititirsiacanada.org\/wp-content\/uploads\/2021\/05\/BoardOfDirectors-PTKcanada-300x49.png 300w, https:\/\/pekititirsiacanada.org\/wp-content\/uploads\/2021\/05\/BoardOfDirectors-PTKcanada-768x125.png 768w, https:\/\/pekititirsiacanada.org\/wp-content\/uploads\/2021\/05\/BoardOfDirectors-PTKcanada-16x3.png 16w\" sizes=\"(max-width: 521px) 100vw, 521px\" \/><figcaption>Conseil d'Administration<\/figcaption><\/figure>\n\n\n\n<h2>Le syst\u00e8me de Kali Pekiti Tirsia<\/h2>\n\n\n\n<p>Le Pekiti Tirsia incorpore les armes tranchantes, les armes d'impact, les armes flexibles ainsi que les armes \u00e0 feu.  Notre organisation offre des formations optimis\u00e9es sp\u00e9cifiquement <strong>pour<\/strong> <strong>les civiles, les forces de l'ordre et le militaire<\/strong>. Pekiti Tirsia Canada offre \u00e9galement des formations sp\u00e9cifiques incluant la d\u00e9fense personnelle, la ma\u00eetrise d'une vari\u00e9t\u00e9 d'armes dans un contexte martial et de rue, ainsi que l'usage de la force dans un contexte d'application de la loi, jusqu'au combat tactique sans restriction.<\/p>\n\n\n\n<div class=\"wp-block-image\"><figure class=\"aligncenter\"><img loading=\"lazy\" width=\"400\" height=\"678\" src=\"http:\/\/pekititirsiacanada.org\/wp-content\/uploads\/2019\/03\/PTKSystem.gif\" alt=\"\" class=\"wp-image-128\"\/><\/figure><\/div>\n\n\n\n<h2>Grand Tuhon Supremo Leo T. Gaje jr.<\/h2>\n\n\n\n<p>Le G<em>rand Tuhon<\/em> <em>Supremo&nbsp;<\/em>Leo T. Gaje Jr est l'un des&nbsp;<strong>plus grand ma\u00eetres vivants des arts martiaux philippins<\/strong>. Il est hautement reconnu pour sa ma\u00eetrise des armes tranchantes, particuli\u00e8rement le couteau.  Grand Tuhon Supremo Gaje est conseiller principal aux Forces arm\u00e9es et \u00e0 la Police Nationale des Philippines. Il a aussi offert des formations en combat rapproch\u00e9 bas\u00e9es sur les techniques efficaces et avanc\u00e9es du Kali Pekiti Tirsia \u00e0 des forces polici\u00e8res et des unit\u00e9s militaires un peu partout \u00e0 travers le monde.<\/p>\n\n\n\n<figure class=\"wp-block-image size-large\"><img loading=\"lazy\" width=\"1024\" height=\"682\" src=\"http:\/\/pekititirsiacanada.org\/wp-content\/uploads\/2019\/03\/M4K8578-1024x682.jpg\" alt=\"\" class=\"wp-image-125\" srcset=\"https:\/\/pekititirsiacanada.org\/wp-content\/uploads\/2019\/03\/M4K8578.jpg 1024w, https:\/\/pekititirsiacanada.org\/wp-content\/uploads\/2019\/03\/M4K8578-300x200.jpg 300w, https:\/\/pekititirsiacanada.org\/wp-content\/uploads\/2019\/03\/M4K8578-768x512.jpg 768w\" sizes=\"(max-width: 767px) 89vw, (max-width: 1000px) 54vw, (max-width: 1071px) 543px, 580px\" \/><\/figure>\n\n\n\n<p>Pour apprendre plus sur le syst\u00e8me de Kali Pekiti-Tirsia, organiser des stages ou pour localiser un instructeur au Canada, veuillez vous r\u00e9f\u00e9rer \u00e0 la page <a href=\"\/fr\/locations\/\"><strong>\u00c9coles\/Instructeurs<\/strong> <\/a>ou \u00e0 la page de <a href=\"\/fr\/contact\/\"><strong>Contacter<\/strong> <\/a>.<\/p>\n\n\n\n<p>See our <a href=\"http:\/\/pekititirsiacanada.org\/fr\/links\/\" target=\"_blank\" rel=\"noreferrer noopener\"><strong>Liens <\/strong><\/a>page for other organizations and groups actively promoting Pekiti-Tirsia System of Kali and related training.<\/p>","protected":false},"excerpt":{"rendered":"<p>\u00a9 2026 Copyright and Permissions Pekiti-Tirsia Canada Pekiti-Tirsia Canada represents a national community of martial artists, fighters, instructors, and leaders in the Filipino weapon combat system, Pekiti-Tirsia System of Kali (&#8220;PTK&#8221;) of Grand Tuhon Supremo Leo T. Gaje jr. The Canadian PTK community was founded in 1981 and is actively led by Mandala Tuhon Philip &hellip; <\/p>\n<p class=\"link-more\"><a href=\"https:\/\/pekititirsiacanada.org\/fr\/about\/\" class=\"more-link\">Continuer la lecture<span class=\"screen-reader-text\"> de &laquo; About &raquo;<\/span><\/a><\/p>","protected":false},"author":1,"featured_media":0,"parent":0,"menu_order":0,"comment_status":"closed","ping_status":"closed","template":"","meta":[],"yoast_head":"<!-- This site is optimized with the Yoast SEO plugin v17.0 - https:\/\/yoast.com\/wordpress\/plugins\/seo\/ -->\n<title>About - PEKITI-TIRSIA CANADA<\/title>\n<meta name=\"robots\" content=\"index, follow, max-snippet:-1, max-image-preview:large, max-video-preview:-1\" \/>\n<link rel=\"canonical\" href=\"https:\/\/pekititirsiacanada.org\/fr\/about\/\" \/>\n<meta property=\"og:locale\" content=\"fr_CA\" \/>\n<meta property=\"og:type\" content=\"article\" \/>\n<meta property=\"og:title\" content=\"About - PEKITI-TIRSIA CANADA\" \/>\n<meta property=\"og:description\" content=\"\u00a9 2026 Copyright and Permissions Pekiti-Tirsia Canada Pekiti-Tirsia Canada represents a national community of martial artists, fighters, instructors, and leaders in the Filipino weapon combat system, Pekiti-Tirsia System of Kali (&#8220;PTK&#8221;) of Grand Tuhon Supremo Leo T. Gaje jr. The Canadian PTK community was founded in 1981 and is actively led by Mandala Tuhon Philip &hellip; Continuer la lecture de &laquo; About &raquo;\" \/>\n<meta property=\"og:url\" content=\"https:\/\/pekititirsiacanada.org\/fr\/about\/\" \/>\n<meta property=\"og:site_name\" content=\"PEKITI-TIRSIA CANADA\" \/>\n<meta property=\"article:publisher\" content=\"https:\/\/www.facebook.com\/Pekiti-Tirsia-Canada-400861130692455\/\" \/>\n<meta property=\"article:modified_time\" content=\"2026-01-02T04:10:16+00:00\" \/>\n<meta property=\"og:image\" content=\"https:\/\/pekititirsiacanada.org\/wp-content\/uploads\/2026\/01\/Screenshot-2026-01-01-200546-1-300x82.png\" \/>\n<meta name=\"twitter:card\" content=\"summary_large_image\" \/>\n<meta name=\"twitter:label1\" content=\"Estimation du temps de lecture\" \/>\n\t<meta name=\"twitter:data1\" content=\"3 minutes\" \/>\n<script type=\"application\/ld+json\" class=\"yoast-schema-graph\">{\"@context\":\"https:\/\/schema.org\",\"@graph\":[{\"@type\":\"Organization\",\"@id\":\"http:\/\/pekititirsiacanada.org\/fr\/#organization\",\"name\":\"Pekiti-Tirsia Canada\",\"url\":\"http:\/\/pekititirsiacanada.org\/fr\/\",\"sameAs\":[\"https:\/\/www.facebook.com\/Pekiti-Tirsia-Canada-400861130692455\/\",\"https:\/\/www.instagram.com\/pekititirsiacanada\/\"],\"logo\":{\"@type\":\"ImageObject\",\"@id\":\"http:\/\/pekititirsiacanada.org\/fr\/#logo\",\"inLanguage\":\"fr-CA\",\"url\":\"http:\/\/pekititirsiacanada.org\/wp-content\/uploads\/2019\/03\/PTGObw.png\",\"contentUrl\":\"http:\/\/pekititirsiacanada.org\/wp-content\/uploads\/2019\/03\/PTGObw.png\",\"width\":940,\"height\":924,\"caption\":\"Pekiti-Tirsia Canada\"},\"image\":{\"@id\":\"http:\/\/pekititirsiacanada.org\/fr\/#logo\"}},{\"@type\":\"WebSite\",\"@id\":\"http:\/\/pekititirsiacanada.org\/fr\/#website\",\"url\":\"http:\/\/pekititirsiacanada.org\/fr\/\",\"name\":\"PEKITI-TIRSIA CANADA\",\"description\":\"The Pekiti-Tirsia System of Kali of Grand Tuhon Leo T. Gaje, jr.\",\"publisher\":{\"@id\":\"http:\/\/pekititirsiacanada.org\/fr\/#organization\"},\"potentialAction\":[{\"@type\":\"SearchAction\",\"target\":{\"@type\":\"EntryPoint\",\"urlTemplate\":\"http:\/\/pekititirsiacanada.org\/fr\/?s={search_term_string}\"},\"query-input\":\"required name=search_term_string\"}],\"inLanguage\":\"fr-CA\"},{\"@type\":\"ImageObject\",\"@id\":\"https:\/\/pekititirsiacanada.org\/about\/#primaryimage\",\"inLanguage\":\"fr-CA\",\"url\":\"https:\/\/pekititirsiacanada.org\/wp-content\/uploads\/2026\/01\/Screenshot-2026-01-01-200546-1-300x82.png\",\"contentUrl\":\"https:\/\/pekititirsiacanada.org\/wp-content\/uploads\/2026\/01\/Screenshot-2026-01-01-200546-1-300x82.png\"},{\"@type\":\"WebPage\",\"@id\":\"https:\/\/pekititirsiacanada.org\/about\/#webpage\",\"url\":\"https:\/\/pekititirsiacanada.org\/about\/\",\"name\":\"About - PEKITI-TIRSIA CANADA\",\"isPartOf\":{\"@id\":\"http:\/\/pekititirsiacanada.org\/fr\/#website\"},\"primaryImageOfPage\":{\"@id\":\"https:\/\/pekititirsiacanada.org\/about\/#primaryimage\"},\"datePublished\":\"2019-03-23T15:07:04+00:00\",\"dateModified\":\"2026-01-02T04:10:16+00:00\",\"breadcrumb\":{\"@id\":\"https:\/\/pekititirsiacanada.org\/about\/#breadcrumb\"},\"inLanguage\":\"fr-CA\",\"potentialAction\":[{\"@type\":\"ReadAction\",\"target\":[\"https:\/\/pekititirsiacanada.org\/about\/\"]}]},{\"@type\":\"BreadcrumbList\",\"@id\":\"https:\/\/pekititirsiacanada.org\/about\/#breadcrumb\",\"itemListElement\":[{\"@type\":\"ListItem\",\"position\":1,\"name\":\"Home\",\"item\":\"http:\/\/pekititirsiacanada.org\/fr\/\"},{\"@type\":\"ListItem\",\"position\":2,\"name\":\"About\"}]}]}<\/script>\n<!-- \/ Yoast SEO plugin. -->","yoast_head_json":{"title":"About - PEKITI-TIRSIA CANADA","robots":{"index":"index","follow":"follow","max-snippet":"max-snippet:-1","max-image-preview":"max-image-preview:large","max-video-preview":"max-video-preview:-1"},"canonical":"https:\/\/pekititirsiacanada.org\/fr\/about\/","og_locale":"fr_CA","og_type":"article","og_title":"About - PEKITI-TIRSIA CANADA","og_description":"\u00a9 2026 Copyright and Permissions Pekiti-Tirsia Canada Pekiti-Tirsia Canada represents a national community of martial artists, fighters, instructors, and leaders in the Filipino weapon combat system, Pekiti-Tirsia System of Kali (&#8220;PTK&#8221;) of Grand Tuhon Supremo Leo T. Gaje jr. The Canadian PTK community was founded in 1981 and is actively led by Mandala Tuhon Philip &hellip; Continuer la lecture de &laquo; About &raquo;","og_url":"https:\/\/pekititirsiacanada.org\/fr\/about\/","og_site_name":"PEKITI-TIRSIA CANADA","article_publisher":"https:\/\/www.facebook.com\/Pekiti-Tirsia-Canada-400861130692455\/","article_modified_time":"2026-01-02T04:10:16+00:00","og_image":[{"url":"https:\/\/pekititirsiacanada.org\/wp-content\/uploads\/2026\/01\/Screenshot-2026-01-01-200546-1-300x82.png"}],"twitter_card":"summary_large_image","twitter_misc":{"Estimation du temps de lecture":"3 minutes"},"schema":{"@context":"https:\/\/schema.org","@graph":[{"@type":"Organization","@id":"http:\/\/pekititirsiacanada.org\/fr\/#organization","name":"Pekiti-Tirsia Canada","url":"http:\/\/pekititirsiacanada.org\/fr\/","sameAs":["https:\/\/www.facebook.com\/Pekiti-Tirsia-Canada-400861130692455\/","https:\/\/www.instagram.com\/pekititirsiacanada\/"],"logo":{"@type":"ImageObject","@id":"http:\/\/pekititirsiacanada.org\/fr\/#logo","inLanguage":"fr-CA","url":"http:\/\/pekititirsiacanada.org\/wp-content\/uploads\/2019\/03\/PTGObw.png","contentUrl":"http:\/\/pekititirsiacanada.org\/wp-content\/uploads\/2019\/03\/PTGObw.png","width":940,"height":924,"caption":"Pekiti-Tirsia Canada"},"image":{"@id":"http:\/\/pekititirsiacanada.org\/fr\/#logo"}},{"@type":"WebSite","@id":"http:\/\/pekititirsiacanada.org\/fr\/#website","url":"http:\/\/pekititirsiacanada.org\/fr\/","name":"PEKITI-TIRSIA CANADA","description":"The Pekiti-Tirsia System of Kali of Grand Tuhon Leo T. Gaje, jr.","publisher":{"@id":"http:\/\/pekititirsiacanada.org\/fr\/#organization"},"potentialAction":[{"@type":"SearchAction","target":{"@type":"EntryPoint","urlTemplate":"http:\/\/pekititirsiacanada.org\/fr\/?s={search_term_string}"},"query-input":"required name=search_term_string"}],"inLanguage":"fr-CA"},{"@type":"ImageObject","@id":"https:\/\/pekititirsiacanada.org\/about\/#primaryimage","inLanguage":"fr-CA","url":"https:\/\/pekititirsiacanada.org\/wp-content\/uploads\/2026\/01\/Screenshot-2026-01-01-200546-1-300x82.png","contentUrl":"https:\/\/pekititirsiacanada.org\/wp-content\/uploads\/2026\/01\/Screenshot-2026-01-01-200546-1-300x82.png"},{"@type":"WebPage","@id":"https:\/\/pekititirsiacanada.org\/about\/#webpage","url":"https:\/\/pekititirsiacanada.org\/about\/","name":"About - PEKITI-TIRSIA CANADA","isPartOf":{"@id":"http:\/\/pekititirsiacanada.org\/fr\/#website"},"primaryImageOfPage":{"@id":"https:\/\/pekititirsiacanada.org\/about\/#primaryimage"},"datePublished":"2019-03-23T15:07:04+00:00","dateModified":"2026-01-02T04:10:16+00:00","breadcrumb":{"@id":"https:\/\/pekititirsiacanada.org\/about\/#breadcrumb"},"inLanguage":"fr-CA","potentialAction":[{"@type":"ReadAction","target":["https:\/\/pekititirsiacanada.org\/about\/"]}]},{"@type":"BreadcrumbList","@id":"https:\/\/pekititirsiacanada.org\/about\/#breadcrumb","itemListElement":[{"@type":"ListItem","position":1,"name":"Home","item":"http:\/\/pekititirsiacanada.org\/fr\/"},{"@type":"ListItem","position":2,"name":"About"}]}]}},"_links":{"self":[{"href":"https:\/\/pekititirsiacanada.org\/fr\/wp-json\/wp\/v2\/pages\/49"}],"collection":[{"href":"https:\/\/pekititirsiacanada.org\/fr\/wp-json\/wp\/v2\/pages"}],"about":[{"href":"https:\/\/pekititirsiacanada.org\/fr\/wp-json\/wp\/v2\/types\/page"}],"author":[{"embeddable":true,"href":"https:\/\/pekititirsiacanada.org\/fr\/wp-json\/wp\/v2\/users\/1"}],"replies":[{"embeddable":true,"href":"https:\/\/pekititirsiacanada.org\/fr\/wp-json\/wp\/v2\/comments?post=49"}],"version-history":[{"count":44,"href":"https:\/\/pekititirsiacanada.org\/fr\/wp-json\/wp\/v2\/pages\/49\/revisions"}],"predecessor-version":[{"id":703,"href":"https:\/\/pekititirsiacanada.org\/fr\/wp-json\/wp\/v2\/pages\/49\/revisions\/703"}],"wp:attachment":[{"href":"https:\/\/pekititirsiacanada.org\/fr\/wp-json\/wp\/v2\/media?parent=49"}],"curies":[{"name":"wp","href":"https:\/\/api.w.org\/{rel}","templated":true}]}}