{"id":55,"date":"2019-03-23T15:14:18","date_gmt":"2019-03-23T15:14:18","guid":{"rendered":"http:\/\/pekiti-tirsia.org\/wordpress\/?page_id=55"},"modified":"2026-01-01T23:16:16","modified_gmt":"2026-01-02T04:16:16","slug":"since-1981","status":"publish","type":"page","link":"http:\/\/pekititirsiacanada.org\/fr\/since-1981\/","title":{"rendered":"- Depuis 1981 -"},"content":{"rendered":"<h4>Mandala Tuhon (12e Hagdan) Philip Gelinas<\/h4>\n\n\n\n<p>Mandala Tuhon G\u00e9linas commence sa formation avec Grand Tuhon Gaje en 1981. C'est ainsi que le syst\u00e8me de Kali Pekiti Tirsia fait sa premi\u00e8re incursion au Canada. Depuis lors, Tuhon G\u00e9linas s'est entra\u00een\u00e9, a enseign\u00e9 et a combattu sous l'\u00e9gide du Pekiti.  Avec les ann\u00e9es, il est devenu l'un des pratiquants les plus qualifi\u00e9s, exp\u00e9riment\u00e9s et accomplis dans la communaut\u00e9 globale du Pekiti.<\/p>\n\n\n\n<h4>Les premi\u00e8res ann\u00e9es<\/h4>\n\n\n\n<p>Tuhon G\u00e9linas commence son entra\u00eenement dans le style de Karat\u00e9 Chito Ryu \u00e0 l'\u00e2ge de 14 ans. Depuis, il s'est entra\u00een\u00e9 dans plusieurs disciplines incluant le Jiu Jitsu Br\u00e9silien, les arts martiaux philippins, le Muay Thai, le Judo, le Kempo, le Kajukenbo, le Jun Fan-Jeet Kune Do, le Silat et la Capoeira.  Il a obtenu sa ceinture noire en Kempo en 1973 et en Kajukenbo en 1975. Dans les ann\u00e9es 80, il re\u00e7oit la certification d'instructeur en Muay Thai sous Tom Harinck suite \u00e0 sa rencontre en 1985.  Il d\u00e9tient aujourd'hui le titre de Grand Ma\u00eetre avec une ceinture noire de 9e degr\u00e9 dans le style Emperado de Kajukenbo, ainsi qu'une ceinture noire de 4e degr\u00e9 dans la m\u00e9thode Chuan Fa, une branche du Kajukenbo.<\/p>\n\n\n\n<h4>Le Kali Pekiti-Tirsia au Canada<\/h4>\n\n\n\n<p>Depuis ses d\u00e9buts en Pekiti Tirsia et les arts martiaux philippins en 1981, Tuhon G\u00e9linas remporte le tournoi \"International Kali Grand Championship\" \u00e0 Nashville, au Tennessee en 1988.  Grand Tuhon l'a depuis promu au rang de <em>Mandala Tuhon (12e Hadgan ou degr\u00e9)<\/em> in PTK.  Philip is also a Full Instructor under Guro Dan Inosanto in IAMA, and holds the rank of  first tier fighter &#8220;Sled Dog&#8221; and guro in Dog Brothers Martial Arts.&nbsp;   He is a founding member and a Council Elder of the <a href=\"https:\/\/dogbrothers.ca\"><strong>Dog Brothers Canada<\/strong><\/a> , combattants de b\u00e2ton \"full contact.\"  <\/p>\n\n\n\n<p>Tuhon Philip is now retired and offering private training only.<\/p>\n\n\n\n<h4>Acad\u00e9mie d'arts martiaux mixte G\u00e9linas \/ G\u00e9linas Academy of Mixed Martial Arts (GAMMA)<\/h4>\n\n\n\n<p>Tuhon Philip has taught around the world in seminar, as well as from his own school <a aria-label=\"GAMMA  (opens in a new tab)\" href=\"http:\/\/www.montrealmartialarts.com\/Instructor-en-1-Philip_Gelinas.php\" target=\"_blank\" rel=\"noreferrer noopener\"><strong>GAMMA<\/strong> <\/a>situ\u00e9e \u00e0 Montr\u00e9al, Qu\u00e9bec.  Il maintient une relation directe avec Grand Tuhon Gaje, ainsi qu'avec les dirigeants et membres du PTK en Am\u00e9rique du Nord, en Europe et en Asie.<\/p>","protected":false},"excerpt":{"rendered":"<p>Mandala Tuhon (12th hagdan) Philip Gelinas Mandala Tuhon Philip Gelinas started training with Grand Tuhon Leo T. Gaje jr in 1981. Thus began the era of Pekiti-Tirsia System of Kali in Canada. Since then, Tuhon Philip has trained, taught, and fought PTK. He has become one of the most skilled, knowledgeable and capable PTK practitioners &hellip; <\/p>\n<p class=\"link-more\"><a href=\"http:\/\/pekititirsiacanada.org\/fr\/since-1981\/\" class=\"more-link\">Continuer la lecture<span class=\"screen-reader-text\"> de &laquo; &#8211; Since 1981 &#8211; &raquo;<\/span><\/a><\/p>","protected":false},"author":1,"featured_media":119,"parent":0,"menu_order":0,"comment_status":"closed","ping_status":"closed","template":"","meta":[],"yoast_head":"<!-- This site is optimized with the Yoast SEO plugin v17.0 - https:\/\/yoast.com\/wordpress\/plugins\/seo\/ -->\n<title>- Since 1981 - PEKITI-TIRSIA CANADA<\/title>\n<meta name=\"description\" content=\"Pekiti-Tirsia System of Kali has been in Canada since 1981. Established by Mandala Tuhon Philip Gelinas of Montreal, PQ\" \/>\n<meta name=\"robots\" content=\"index, follow, max-snippet:-1, max-image-preview:large, max-video-preview:-1\" \/>\n<link rel=\"canonical\" href=\"https:\/\/pekititirsiacanada.org\/fr\/since-1981\/\" \/>\n<meta property=\"og:locale\" content=\"fr_CA\" \/>\n<meta property=\"og:type\" content=\"article\" \/>\n<meta property=\"og:title\" content=\"- Since 1981 - PEKITI-TIRSIA CANADA\" \/>\n<meta property=\"og:description\" content=\"Pekiti-Tirsia System of Kali has been in Canada since 1981. Established by Mandala Tuhon Philip Gelinas of Montreal, PQ\" \/>\n<meta property=\"og:url\" content=\"https:\/\/pekititirsiacanada.org\/fr\/since-1981\/\" \/>\n<meta property=\"og:site_name\" content=\"PEKITI-TIRSIA CANADA\" \/>\n<meta property=\"article:publisher\" content=\"https:\/\/www.facebook.com\/Pekiti-Tirsia-Canada-400861130692455\/\" \/>\n<meta property=\"article:modified_time\" content=\"2026-01-02T04:16:16+00:00\" \/>\n<meta property=\"og:image\" content=\"http:\/\/pekititirsiacanada.org\/wp-content\/uploads\/2019\/03\/Tuhon_Phil.jpg\" \/>\n\t<meta property=\"og:image:width\" content=\"1200\" \/>\n\t<meta property=\"og:image:height\" content=\"758\" \/>\n<meta name=\"twitter:card\" content=\"summary_large_image\" \/>\n<meta name=\"twitter:label1\" content=\"Estimation du temps de lecture\" \/>\n\t<meta name=\"twitter:data1\" content=\"2 minutes\" \/>\n<script type=\"application\/ld+json\" class=\"yoast-schema-graph\">{\"@context\":\"https:\/\/schema.org\",\"@graph\":[{\"@type\":\"Organization\",\"@id\":\"http:\/\/pekititirsiacanada.org\/fr\/#organization\",\"name\":\"Pekiti-Tirsia Canada\",\"url\":\"http:\/\/pekititirsiacanada.org\/fr\/\",\"sameAs\":[\"https:\/\/www.facebook.com\/Pekiti-Tirsia-Canada-400861130692455\/\",\"https:\/\/www.instagram.com\/pekititirsiacanada\/\"],\"logo\":{\"@type\":\"ImageObject\",\"@id\":\"http:\/\/pekititirsiacanada.org\/fr\/#logo\",\"inLanguage\":\"fr-CA\",\"url\":\"http:\/\/pekititirsiacanada.org\/wp-content\/uploads\/2019\/03\/PTGObw.png\",\"contentUrl\":\"http:\/\/pekititirsiacanada.org\/wp-content\/uploads\/2019\/03\/PTGObw.png\",\"width\":940,\"height\":924,\"caption\":\"Pekiti-Tirsia Canada\"},\"image\":{\"@id\":\"http:\/\/pekititirsiacanada.org\/fr\/#logo\"}},{\"@type\":\"WebSite\",\"@id\":\"http:\/\/pekititirsiacanada.org\/fr\/#website\",\"url\":\"http:\/\/pekititirsiacanada.org\/fr\/\",\"name\":\"PEKITI-TIRSIA CANADA\",\"description\":\"The Pekiti-Tirsia System of Kali of Grand Tuhon Leo T. Gaje, jr.\",\"publisher\":{\"@id\":\"http:\/\/pekititirsiacanada.org\/fr\/#organization\"},\"potentialAction\":[{\"@type\":\"SearchAction\",\"target\":{\"@type\":\"EntryPoint\",\"urlTemplate\":\"http:\/\/pekititirsiacanada.org\/fr\/?s={search_term_string}\"},\"query-input\":\"required name=search_term_string\"}],\"inLanguage\":\"fr-CA\"},{\"@type\":\"ImageObject\",\"@id\":\"https:\/\/pekititirsiacanada.org\/fr\/since-1981\/#primaryimage\",\"inLanguage\":\"fr-CA\",\"url\":\"http:\/\/pekititirsiacanada.org\/wp-content\/uploads\/2019\/03\/Tuhon_Phil.jpg\",\"contentUrl\":\"http:\/\/pekititirsiacanada.org\/wp-content\/uploads\/2019\/03\/Tuhon_Phil.jpg\",\"width\":1200,\"height\":758},{\"@type\":\"WebPage\",\"@id\":\"https:\/\/pekititirsiacanada.org\/fr\/since-1981\/#webpage\",\"url\":\"https:\/\/pekititirsiacanada.org\/fr\/since-1981\/\",\"name\":\"- Since 1981 - PEKITI-TIRSIA CANADA\",\"isPartOf\":{\"@id\":\"http:\/\/pekititirsiacanada.org\/fr\/#website\"},\"primaryImageOfPage\":{\"@id\":\"https:\/\/pekititirsiacanada.org\/fr\/since-1981\/#primaryimage\"},\"datePublished\":\"2019-03-23T15:14:18+00:00\",\"dateModified\":\"2026-01-02T04:16:16+00:00\",\"description\":\"Pekiti-Tirsia System of Kali has been in Canada since 1981. Established by Mandala Tuhon Philip Gelinas of Montreal, PQ\",\"breadcrumb\":{\"@id\":\"https:\/\/pekititirsiacanada.org\/fr\/since-1981\/#breadcrumb\"},\"inLanguage\":\"fr-CA\",\"potentialAction\":[{\"@type\":\"ReadAction\",\"target\":[\"https:\/\/pekititirsiacanada.org\/fr\/since-1981\/\"]}]},{\"@type\":\"BreadcrumbList\",\"@id\":\"https:\/\/pekititirsiacanada.org\/fr\/since-1981\/#breadcrumb\",\"itemListElement\":[{\"@type\":\"ListItem\",\"position\":1,\"name\":\"Home\",\"item\":\"http:\/\/pekititirsiacanada.org\/fr\/\"},{\"@type\":\"ListItem\",\"position\":2,\"name\":\"&#8211; Since 1981 &#8211;\"}]}]}<\/script>\n<!-- \/ Yoast SEO plugin. -->","yoast_head_json":{"title":"- Since 1981 - PEKITI-TIRSIA CANADA","description":"Pekiti-Tirsia System of Kali has been in Canada since 1981. Established by Mandala Tuhon Philip Gelinas of Montreal, PQ","robots":{"index":"index","follow":"follow","max-snippet":"max-snippet:-1","max-image-preview":"max-image-preview:large","max-video-preview":"max-video-preview:-1"},"canonical":"https:\/\/pekititirsiacanada.org\/fr\/since-1981\/","og_locale":"fr_CA","og_type":"article","og_title":"- Since 1981 - PEKITI-TIRSIA CANADA","og_description":"Pekiti-Tirsia System of Kali has been in Canada since 1981. Established by Mandala Tuhon Philip Gelinas of Montreal, PQ","og_url":"https:\/\/pekititirsiacanada.org\/fr\/since-1981\/","og_site_name":"PEKITI-TIRSIA CANADA","article_publisher":"https:\/\/www.facebook.com\/Pekiti-Tirsia-Canada-400861130692455\/","article_modified_time":"2026-01-02T04:16:16+00:00","og_image":[{"width":1200,"height":758,"url":"http:\/\/pekititirsiacanada.org\/wp-content\/uploads\/2019\/03\/Tuhon_Phil.jpg","path":"\/home\/loki\/public_html\/domains\/pekititirsiacanada.org\/wp-content\/uploads\/2019\/03\/Tuhon_Phil.jpg","size":"full","id":119,"alt":"","pixels":909600,"type":"image\/jpeg"}],"twitter_card":"summary_large_image","twitter_misc":{"Estimation du temps de lecture":"2 minutes"},"schema":{"@context":"https:\/\/schema.org","@graph":[{"@type":"Organization","@id":"http:\/\/pekititirsiacanada.org\/fr\/#organization","name":"Pekiti-Tirsia Canada","url":"http:\/\/pekititirsiacanada.org\/fr\/","sameAs":["https:\/\/www.facebook.com\/Pekiti-Tirsia-Canada-400861130692455\/","https:\/\/www.instagram.com\/pekititirsiacanada\/"],"logo":{"@type":"ImageObject","@id":"http:\/\/pekititirsiacanada.org\/fr\/#logo","inLanguage":"fr-CA","url":"http:\/\/pekititirsiacanada.org\/wp-content\/uploads\/2019\/03\/PTGObw.png","contentUrl":"http:\/\/pekititirsiacanada.org\/wp-content\/uploads\/2019\/03\/PTGObw.png","width":940,"height":924,"caption":"Pekiti-Tirsia Canada"},"image":{"@id":"http:\/\/pekititirsiacanada.org\/fr\/#logo"}},{"@type":"WebSite","@id":"http:\/\/pekititirsiacanada.org\/fr\/#website","url":"http:\/\/pekititirsiacanada.org\/fr\/","name":"PEKITI-TIRSIA CANADA","description":"The Pekiti-Tirsia System of Kali of Grand Tuhon Leo T. Gaje, jr.","publisher":{"@id":"http:\/\/pekititirsiacanada.org\/fr\/#organization"},"potentialAction":[{"@type":"SearchAction","target":{"@type":"EntryPoint","urlTemplate":"http:\/\/pekititirsiacanada.org\/fr\/?s={search_term_string}"},"query-input":"required name=search_term_string"}],"inLanguage":"fr-CA"},{"@type":"ImageObject","@id":"https:\/\/pekititirsiacanada.org\/fr\/since-1981\/#primaryimage","inLanguage":"fr-CA","url":"http:\/\/pekititirsiacanada.org\/wp-content\/uploads\/2019\/03\/Tuhon_Phil.jpg","contentUrl":"http:\/\/pekititirsiacanada.org\/wp-content\/uploads\/2019\/03\/Tuhon_Phil.jpg","width":1200,"height":758},{"@type":"WebPage","@id":"https:\/\/pekititirsiacanada.org\/fr\/since-1981\/#webpage","url":"https:\/\/pekititirsiacanada.org\/fr\/since-1981\/","name":"- Since 1981 - PEKITI-TIRSIA CANADA","isPartOf":{"@id":"http:\/\/pekititirsiacanada.org\/fr\/#website"},"primaryImageOfPage":{"@id":"https:\/\/pekititirsiacanada.org\/fr\/since-1981\/#primaryimage"},"datePublished":"2019-03-23T15:14:18+00:00","dateModified":"2026-01-02T04:16:16+00:00","description":"Pekiti-Tirsia System of Kali has been in Canada since 1981. Established by Mandala Tuhon Philip Gelinas of Montreal, PQ","breadcrumb":{"@id":"https:\/\/pekititirsiacanada.org\/fr\/since-1981\/#breadcrumb"},"inLanguage":"fr-CA","potentialAction":[{"@type":"ReadAction","target":["https:\/\/pekititirsiacanada.org\/fr\/since-1981\/"]}]},{"@type":"BreadcrumbList","@id":"https:\/\/pekititirsiacanada.org\/fr\/since-1981\/#breadcrumb","itemListElement":[{"@type":"ListItem","position":1,"name":"Home","item":"http:\/\/pekititirsiacanada.org\/fr\/"},{"@type":"ListItem","position":2,"name":"&#8211; Since 1981 &#8211;"}]}]}},"_links":{"self":[{"href":"http:\/\/pekititirsiacanada.org\/fr\/wp-json\/wp\/v2\/pages\/55"}],"collection":[{"href":"http:\/\/pekititirsiacanada.org\/fr\/wp-json\/wp\/v2\/pages"}],"about":[{"href":"http:\/\/pekititirsiacanada.org\/fr\/wp-json\/wp\/v2\/types\/page"}],"author":[{"embeddable":true,"href":"http:\/\/pekititirsiacanada.org\/fr\/wp-json\/wp\/v2\/users\/1"}],"replies":[{"embeddable":true,"href":"http:\/\/pekititirsiacanada.org\/fr\/wp-json\/wp\/v2\/comments?post=55"}],"version-history":[{"count":31,"href":"http:\/\/pekititirsiacanada.org\/fr\/wp-json\/wp\/v2\/pages\/55\/revisions"}],"predecessor-version":[{"id":708,"href":"http:\/\/pekititirsiacanada.org\/fr\/wp-json\/wp\/v2\/pages\/55\/revisions\/708"}],"wp:featuredmedia":[{"embeddable":true,"href":"http:\/\/pekititirsiacanada.org\/fr\/wp-json\/wp\/v2\/media\/119"}],"wp:attachment":[{"href":"http:\/\/pekititirsiacanada.org\/fr\/wp-json\/wp\/v2\/media?parent=55"}],"curies":[{"name":"wp","href":"https:\/\/api.w.org\/{rel}","templated":true}]}}