{"id":399,"date":"2021-04-01T19:00:00","date_gmt":"2021-04-01T23:00:00","guid":{"rendered":"https:\/\/pekititirsiacanada.org\/?page_id=399"},"modified":"2026-01-01T23:14:59","modified_gmt":"2026-01-02T04:14:59","slug":"membership","status":"publish","type":"page","link":"http:\/\/pekititirsiacanada.org\/fr\/membership\/","title":{"rendered":"Adh\u00e9rer au PTK Canada"},"content":{"rendered":"<h2>Membres Instructeurs<\/h2>\n\n\n\n<p>Les membres instructeurs adh\u00e9r\u00e9s sont compos\u00e9s des instructeurs reconnus et certifi\u00e9s dans le syst\u00e8me de Kali Pekiti Tirsia (PTK) et qui sont des r\u00e9sidents canadiens.\nCes instructeurs travaillent au sein de l'organisation pour pratiquer, avancer et promouvoir l'art du Pekiti-Tirsia au Canada. Chaque grade est approuv\u00e9 et certifi\u00e9 par le conseil des Tuhons du PTK Canada.<\/p>\n\n\n\n<p>Veuillez vous r\u00e9f\u00e9rer aux <a href=\"http:\/\/pekititirsiacanada.org\/fr\/?page_id=563\">Avantages de l'Adh\u00e9sion<\/a> pour plus de d\u00e9tails.<\/p>\n\n\n\n<p>Si vous d\u00e9tenez pr\u00e9sentement un grade reconnu dans le PTK, que vous \u00eates r\u00e9sident(e) canadien(ne), et que vous avez l'\u00e2ge de la majorit\u00e9, nous vous invitons \u00e0 <strong><a href=\"https:\/\/forms.gle\/AEBfKWHmAHNKwvch8\" target=\"_blank\" rel=\"noreferrer noopener\">faire une demande d'adh\u00e9sion<\/a><\/strong> au PTK Canada.  <\/p>\n\n\n\n<p>Votre demade sera \u00e9tudi\u00e9e par le Conseil d'Administration et il est possible que des documents suppl\u00e9mentaires soient requises avant l'acceptation de votre demande et la certification de votre grade.\nD\u00fb \u00e0 la diff\u00e9rence des structures et des standards \u00e0 travers la communaut\u00e9 de PTK, PTK Canada se r\u00e9serve le droit d'\u00e9valuer les candidat(e)s par rapport aux crit\u00e8res actuels et conditions de l'organisation avant de d\u00e9cerner un grade.<\/p>\n\n\n\n<p>Les certifications des membres instructeurs sont autoris\u00e9es par les <a href=\"http:\/\/pekititirsiacanada.org\/fr\/about\/\">6 membres du conseil des Tuhons de PTK Canada.<\/a>.<\/p>\n\n\n\n<p>Le co\u00fbt annuel d'adh\u00e9sion est de $25 CAD. Vous serez factur\u00e9s une fois que votre application est accept\u00e9e.<br><br> <strong><a href=\"https:\/\/forms.gle\/AEBfKWHmAHNKwvch8\" target=\"_blank\" rel=\"noreferrer noopener\">Appliquez ici votre demande d'adh\u00e9sion au PTK Canada en tant qu'instructeur actuellement certifi\u00e9.<\/a><\/strong>  <\/p>\n\n\n\n<h2>Membres \u00c9tudiants<\/h2>\n\n\n\n<p>As of Jan 2026, students of PTK Canada Instructor members are<span style=\"text-decoration: underline;\"> ne sont pas encore \u00e9ligibles<\/span> pour une adh\u00e9sion \u00e0 l'organisation. Veuillez discuter avec votre instructeur si vous souhaitez vous joindre au PTK Canada \u00e0 l'avenir.<\/p>\n\n\n\n<h2>Membres Associ\u00e9s<\/h2>\n\n\n\n<p>Les groupes d'entra\u00eenement, les organisations et les \u00e9coles qui sont int\u00e9ress\u00e9s \u00e0 joindre le PTK Canada pour participer aux multiples activit\u00e9s peuvent joindre en tant qu'associ\u00e9s. Ces groupes doivent \u00eatre localis\u00e9s au Canada et avoir la majorit\u00e9 de leurs activit\u00e9s au pays. Le groupe qui applique doit \u00e9galement avoir un parrain dans le conseil des Tuhons de PTK Canada.<\/p>\n\n\n\n<p>Le Conseil d'Administration de PTK Canada \u00e9valuera les applications et leur pertinence dans le context de l'organisation. Les membres associ\u00e9s sont accept\u00e9s pour faciliter les relations, les activit\u00e9s et les projets entre d'autres groupes et les membres de PTK Canada.<\/p>\n\n\n\n<hr class=\"wp-block-separator has-text-color has-background has-vivid-red-background-color has-vivid-red-color\"\/>\n\n\n\n<p>Pour plus d'informations sur les d\u00e9marches pour devenir membre du PTK Canada, envoyez un courriel \u00e0 <a href=\"mailto:info@PTKcanada.org\"><strong>info@PTKcanada.org<\/strong><\/a> ou visitez-nous sur <a href=\"https:\/\/www.facebook.com\/pekititirsiacanada\" target=\"_blank\" rel=\"noreferrer noopener\"><strong>Facebook<\/strong><\/a>.<\/p>","protected":false},"excerpt":{"rendered":"<p>Instructor Members The membership of Pekiti-Tirsia Canada are recognized and certified instructors of Pekiti-Tirsia System of Kali (&#8220;PTK&#8221;) who are Canadian residents. These instructors work through and with Pekiti-Tirsia Canada to practice, advance, and promote PTK in Canada. Members&#8217; rank is approved and certified by the Tuhon Council of PTK Canada. See Benefits of Membership &hellip; <\/p>\n<p class=\"link-more\"><a href=\"http:\/\/pekititirsiacanada.org\/fr\/membership\/\" class=\"more-link\">Continuer la lecture<span class=\"screen-reader-text\"> de &laquo; Join &raquo;<\/span><\/a><\/p>","protected":false},"author":1,"featured_media":0,"parent":0,"menu_order":0,"comment_status":"closed","ping_status":"closed","template":"","meta":[],"yoast_head":"<!-- This site is optimized with the Yoast SEO plugin v17.0 - https:\/\/yoast.com\/wordpress\/plugins\/seo\/ -->\n<title>Join - PEKITI-TIRSIA CANADA<\/title>\n<meta name=\"robots\" content=\"index, follow, max-snippet:-1, max-image-preview:large, max-video-preview:-1\" \/>\n<link rel=\"canonical\" href=\"http:\/\/pekititirsiacanada.org\/fr\/membership\/\" \/>\n<meta property=\"og:locale\" content=\"fr_CA\" \/>\n<meta property=\"og:type\" content=\"article\" \/>\n<meta property=\"og:title\" content=\"Join - PEKITI-TIRSIA CANADA\" \/>\n<meta property=\"og:description\" content=\"Instructor Members The membership of Pekiti-Tirsia Canada are recognized and certified instructors of Pekiti-Tirsia System of Kali (&#8220;PTK&#8221;) who are Canadian residents. These instructors work through and with Pekiti-Tirsia Canada to practice, advance, and promote PTK in Canada. Members&#8217; rank is approved and certified by the Tuhon Council of PTK Canada. See Benefits of Membership &hellip; Continuer la lecture de &laquo; Join &raquo;\" \/>\n<meta property=\"og:url\" content=\"http:\/\/pekititirsiacanada.org\/fr\/membership\/\" \/>\n<meta property=\"og:site_name\" content=\"PEKITI-TIRSIA CANADA\" \/>\n<meta property=\"article:publisher\" content=\"https:\/\/www.facebook.com\/Pekiti-Tirsia-Canada-400861130692455\/\" \/>\n<meta property=\"article:modified_time\" content=\"2026-01-02T04:14:59+00:00\" \/>\n<meta name=\"twitter:card\" content=\"summary_large_image\" \/>\n<meta name=\"twitter:label1\" content=\"Estimation du temps de lecture\" \/>\n\t<meta name=\"twitter:data1\" content=\"2 minutes\" \/>\n<script type=\"application\/ld+json\" class=\"yoast-schema-graph\">{\"@context\":\"https:\/\/schema.org\",\"@graph\":[{\"@type\":\"Organization\",\"@id\":\"https:\/\/pekititirsiacanada.org\/#organization\",\"name\":\"Pekiti-Tirsia Canada\",\"url\":\"https:\/\/pekititirsiacanada.org\/\",\"sameAs\":[\"https:\/\/www.facebook.com\/Pekiti-Tirsia-Canada-400861130692455\/\",\"https:\/\/www.instagram.com\/pekititirsiacanada\/\"],\"logo\":{\"@type\":\"ImageObject\",\"@id\":\"https:\/\/pekititirsiacanada.org\/#logo\",\"inLanguage\":\"fr-CA\",\"url\":\"http:\/\/pekititirsiacanada.org\/wp-content\/uploads\/2019\/03\/PTGObw.png\",\"contentUrl\":\"http:\/\/pekititirsiacanada.org\/wp-content\/uploads\/2019\/03\/PTGObw.png\",\"width\":940,\"height\":924,\"caption\":\"Pekiti-Tirsia Canada\"},\"image\":{\"@id\":\"https:\/\/pekititirsiacanada.org\/#logo\"}},{\"@type\":\"WebSite\",\"@id\":\"https:\/\/pekititirsiacanada.org\/#website\",\"url\":\"https:\/\/pekititirsiacanada.org\/\",\"name\":\"PEKITI-TIRSIA CANADA\",\"description\":\"The Pekiti-Tirsia System of Kali of Grand Tuhon Leo T. Gaje, jr.\",\"publisher\":{\"@id\":\"https:\/\/pekititirsiacanada.org\/#organization\"},\"potentialAction\":[{\"@type\":\"SearchAction\",\"target\":{\"@type\":\"EntryPoint\",\"urlTemplate\":\"https:\/\/pekititirsiacanada.org\/?s={search_term_string}\"},\"query-input\":\"required name=search_term_string\"}],\"inLanguage\":\"fr-CA\"},{\"@type\":\"WebPage\",\"@id\":\"http:\/\/pekititirsiacanada.org\/membership\/#webpage\",\"url\":\"http:\/\/pekititirsiacanada.org\/membership\/\",\"name\":\"Join - PEKITI-TIRSIA CANADA\",\"isPartOf\":{\"@id\":\"https:\/\/pekititirsiacanada.org\/#website\"},\"datePublished\":\"2021-04-01T23:00:00+00:00\",\"dateModified\":\"2026-01-02T04:14:59+00:00\",\"breadcrumb\":{\"@id\":\"http:\/\/pekititirsiacanada.org\/membership\/#breadcrumb\"},\"inLanguage\":\"fr-CA\",\"potentialAction\":[{\"@type\":\"ReadAction\",\"target\":[\"http:\/\/pekititirsiacanada.org\/membership\/\"]}]},{\"@type\":\"BreadcrumbList\",\"@id\":\"http:\/\/pekititirsiacanada.org\/membership\/#breadcrumb\",\"itemListElement\":[{\"@type\":\"ListItem\",\"position\":1,\"name\":\"Home\",\"item\":\"https:\/\/pekititirsiacanada.org\/\"},{\"@type\":\"ListItem\",\"position\":2,\"name\":\"Join\"}]}]}<\/script>\n<!-- \/ Yoast SEO plugin. -->","yoast_head_json":{"title":"Join - PEKITI-TIRSIA CANADA","robots":{"index":"index","follow":"follow","max-snippet":"max-snippet:-1","max-image-preview":"max-image-preview:large","max-video-preview":"max-video-preview:-1"},"canonical":"http:\/\/pekititirsiacanada.org\/fr\/membership\/","og_locale":"fr_CA","og_type":"article","og_title":"Join - PEKITI-TIRSIA CANADA","og_description":"Instructor Members The membership of Pekiti-Tirsia Canada are recognized and certified instructors of Pekiti-Tirsia System of Kali (&#8220;PTK&#8221;) who are Canadian residents. These instructors work through and with Pekiti-Tirsia Canada to practice, advance, and promote PTK in Canada. Members&#8217; rank is approved and certified by the Tuhon Council of PTK Canada. See Benefits of Membership &hellip; Continuer la lecture de &laquo; Join &raquo;","og_url":"http:\/\/pekititirsiacanada.org\/fr\/membership\/","og_site_name":"PEKITI-TIRSIA CANADA","article_publisher":"https:\/\/www.facebook.com\/Pekiti-Tirsia-Canada-400861130692455\/","article_modified_time":"2026-01-02T04:14:59+00:00","twitter_card":"summary_large_image","twitter_misc":{"Estimation du temps de lecture":"2 minutes"},"schema":{"@context":"https:\/\/schema.org","@graph":[{"@type":"Organization","@id":"https:\/\/pekititirsiacanada.org\/#organization","name":"Pekiti-Tirsia Canada","url":"https:\/\/pekititirsiacanada.org\/","sameAs":["https:\/\/www.facebook.com\/Pekiti-Tirsia-Canada-400861130692455\/","https:\/\/www.instagram.com\/pekititirsiacanada\/"],"logo":{"@type":"ImageObject","@id":"https:\/\/pekititirsiacanada.org\/#logo","inLanguage":"fr-CA","url":"http:\/\/pekititirsiacanada.org\/wp-content\/uploads\/2019\/03\/PTGObw.png","contentUrl":"http:\/\/pekititirsiacanada.org\/wp-content\/uploads\/2019\/03\/PTGObw.png","width":940,"height":924,"caption":"Pekiti-Tirsia Canada"},"image":{"@id":"https:\/\/pekititirsiacanada.org\/#logo"}},{"@type":"WebSite","@id":"https:\/\/pekititirsiacanada.org\/#website","url":"https:\/\/pekititirsiacanada.org\/","name":"PEKITI-TIRSIA CANADA","description":"The Pekiti-Tirsia System of Kali of Grand Tuhon Leo T. Gaje, jr.","publisher":{"@id":"https:\/\/pekititirsiacanada.org\/#organization"},"potentialAction":[{"@type":"SearchAction","target":{"@type":"EntryPoint","urlTemplate":"https:\/\/pekititirsiacanada.org\/?s={search_term_string}"},"query-input":"required name=search_term_string"}],"inLanguage":"fr-CA"},{"@type":"WebPage","@id":"http:\/\/pekititirsiacanada.org\/membership\/#webpage","url":"http:\/\/pekititirsiacanada.org\/membership\/","name":"Join - PEKITI-TIRSIA CANADA","isPartOf":{"@id":"https:\/\/pekititirsiacanada.org\/#website"},"datePublished":"2021-04-01T23:00:00+00:00","dateModified":"2026-01-02T04:14:59+00:00","breadcrumb":{"@id":"http:\/\/pekititirsiacanada.org\/membership\/#breadcrumb"},"inLanguage":"fr-CA","potentialAction":[{"@type":"ReadAction","target":["http:\/\/pekititirsiacanada.org\/membership\/"]}]},{"@type":"BreadcrumbList","@id":"http:\/\/pekititirsiacanada.org\/membership\/#breadcrumb","itemListElement":[{"@type":"ListItem","position":1,"name":"Home","item":"https:\/\/pekititirsiacanada.org\/"},{"@type":"ListItem","position":2,"name":"Join"}]}]}},"_links":{"self":[{"href":"http:\/\/pekititirsiacanada.org\/fr\/wp-json\/wp\/v2\/pages\/399"}],"collection":[{"href":"http:\/\/pekititirsiacanada.org\/fr\/wp-json\/wp\/v2\/pages"}],"about":[{"href":"http:\/\/pekititirsiacanada.org\/fr\/wp-json\/wp\/v2\/types\/page"}],"author":[{"embeddable":true,"href":"http:\/\/pekititirsiacanada.org\/fr\/wp-json\/wp\/v2\/users\/1"}],"replies":[{"embeddable":true,"href":"http:\/\/pekititirsiacanada.org\/fr\/wp-json\/wp\/v2\/comments?post=399"}],"version-history":[{"count":19,"href":"http:\/\/pekititirsiacanada.org\/fr\/wp-json\/wp\/v2\/pages\/399\/revisions"}],"predecessor-version":[{"id":707,"href":"http:\/\/pekititirsiacanada.org\/fr\/wp-json\/wp\/v2\/pages\/399\/revisions\/707"}],"wp:attachment":[{"href":"http:\/\/pekititirsiacanada.org\/fr\/wp-json\/wp\/v2\/media?parent=399"}],"curies":[{"name":"wp","href":"https:\/\/api.w.org\/{rel}","templated":true}]}}