{"id":26,"date":"2019-01-21T20:16:48","date_gmt":"2019-01-21T20:16:48","guid":{"rendered":"http:\/\/pekiti-tirsia.org\/wordpress\/?page_id=26"},"modified":"2021-06-17T14:44:23","modified_gmt":"2021-06-17T18:44:23","slug":"instagram-feed","status":"publish","type":"page","link":"http:\/\/pekititirsiacanada.org\/fr\/","title":{"rendered":"LE SYST\u00c8ME DE KALI PEKITI-TIRSIA AU CANADA"},"content":{"rendered":"<p>Pekiti Tirsia Canada est vou\u00e9 \u00e0 la pratique et la promotion du Kali Pekiti Tirsia du Grand Tuhon Supremo Leo T. Gaje Jr.  Notre organisation regroupe plus de 40 instructeurs certifi\u00e9s \u00e0 travers le pays - d'un oc\u00e9an \u00e0 l'autre.<\/p>\n\n\n\n<p><\/p>\n\n\n\n<form method=\"get\" action=\"\/fr\/Register\/\" data-trp-original-action=\"\/Register\/\">\n<p style=\"text-align:center\">\n<button type=\"submit\" style=\"background-color:red;color:white;height:50px; width:300px\">Inscription \u00e0 un \u00e9v\u00e9nement<\/button>\n<\/p>\n<input type=\"hidden\" name=\"trp-form-language\" value=\"fr\"\/><\/form>\n\n\n\n<form method=\"get\" action=\"https:\/\/www.facebook.com\/pekititirsiacanada\">\n<p style=\"text-align:center\">\n<button type=\"submit\" style=\"background-color:red;color:white;height:50px; width:300px\">Trouvez-nous sur Facebook<\/button>\n<\/p>\n<\/form>\n\n\n\n<form method=\"get\" action=\"\/fr\/Locations\/\" data-trp-original-action=\"\/Locations\/\">\n<p style=\"text-align:center\">\n<button type=\"submit\" style=\"background-color:red;color:white;height:50px; width:300px\">Joignez-vous \u00e0 l'entra\u00eenement<\/button>\n<\/p>\n<input type=\"hidden\" name=\"trp-form-language\" value=\"fr\"\/><\/form>\n\n\n\n<form method=\"get\" action=\"\/fr\/About\/\" data-trp-original-action=\"\/About\/\">\n<p style=\"text-align:center\">\n<button type=\"submit\" style=\"background-color:red;color:white;height:50px; width:300px\">Informez-vous sur le PTK<\/button>\n<\/p>\n<input type=\"hidden\" name=\"trp-form-language\" value=\"fr\"\/><\/form>\n\n\n\n<form method=\"get\" action=\"\/fr\/Contact\/\" data-trp-original-action=\"\/Contact\/\">\n<p style=\"text-align:center\">\n<button type=\"submit\" style=\"background-color:red;color:white;height:50px; width:300px\">&nbsp;Contactez-nous&nbsp;<\/button>\n<\/p>\n<input type=\"hidden\" name=\"trp-form-language\" value=\"fr\"\/><\/form>\n\n\n\n<p><\/p>","protected":false},"excerpt":{"rendered":"<p>Pekiti-Tirsia Canada is dedicated to the practice and promotion of the Pekiti-Tirsia System of Kali in Canada, of Grand Tuhon Leo T. Gaje jr. Over 40 certified instructors provide training across Canada &#8211; from coast to coast to coast. Register for an event Find us on Facebook Train with us Learn more &nbsp;Contact us&nbsp;<\/p>","protected":false},"author":1,"featured_media":0,"parent":0,"menu_order":0,"comment_status":"closed","ping_status":"closed","template":"","meta":[],"yoast_head":"<!-- This site is optimized with the Yoast SEO plugin v17.0 - https:\/\/yoast.com\/wordpress\/plugins\/seo\/ -->\n<title>The Pekiti-Tirsia System of Kali in Canada - PEKITI-TIRSIA CANADA<\/title>\n<meta name=\"robots\" content=\"index, follow, max-snippet:-1, max-image-preview:large, max-video-preview:-1\" \/>\n<link rel=\"canonical\" href=\"http:\/\/pekititirsiacanada.org\/fr\/\" \/>\n<meta property=\"og:locale\" content=\"fr_CA\" \/>\n<meta property=\"og:type\" content=\"article\" \/>\n<meta property=\"og:title\" content=\"The Pekiti-Tirsia System of Kali in Canada - PEKITI-TIRSIA CANADA\" \/>\n<meta property=\"og:description\" content=\"Pekiti-Tirsia Canada is dedicated to the practice and promotion of the Pekiti-Tirsia System of Kali in Canada, of Grand Tuhon Leo T. Gaje jr. Over 40 certified instructors provide training across Canada &#8211; from coast to coast to coast. Register for an event Find us on Facebook Train with us Learn more &nbsp;Contact us&nbsp;\" \/>\n<meta property=\"og:url\" content=\"http:\/\/pekititirsiacanada.org\/fr\/\" \/>\n<meta property=\"og:site_name\" content=\"PEKITI-TIRSIA CANADA\" \/>\n<meta property=\"article:publisher\" content=\"https:\/\/www.facebook.com\/Pekiti-Tirsia-Canada-400861130692455\/\" \/>\n<meta property=\"article:modified_time\" content=\"2021-06-17T18:44:23+00:00\" \/>\n<meta name=\"twitter:card\" content=\"summary_large_image\" \/>\n<meta name=\"twitter:label1\" content=\"Estimation du temps de lecture\" \/>\n\t<meta name=\"twitter:data1\" content=\"1 minute\" \/>\n<script type=\"application\/ld+json\" class=\"yoast-schema-graph\">{\"@context\":\"https:\/\/schema.org\",\"@graph\":[{\"@type\":\"Organization\",\"@id\":\"http:\/\/pekititirsiacanada.org\/fr\/#organization\",\"name\":\"Pekiti-Tirsia Canada\",\"url\":\"http:\/\/pekititirsiacanada.org\/fr\/\",\"sameAs\":[\"https:\/\/www.facebook.com\/Pekiti-Tirsia-Canada-400861130692455\/\",\"https:\/\/www.instagram.com\/pekititirsiacanada\/\"],\"logo\":{\"@type\":\"ImageObject\",\"@id\":\"http:\/\/pekititirsiacanada.org\/fr\/#logo\",\"inLanguage\":\"fr-CA\",\"url\":\"http:\/\/pekititirsiacanada.org\/wp-content\/uploads\/2019\/03\/PTGObw.png\",\"contentUrl\":\"http:\/\/pekititirsiacanada.org\/wp-content\/uploads\/2019\/03\/PTGObw.png\",\"width\":940,\"height\":924,\"caption\":\"Pekiti-Tirsia Canada\"},\"image\":{\"@id\":\"http:\/\/pekititirsiacanada.org\/fr\/#logo\"}},{\"@type\":\"WebSite\",\"@id\":\"http:\/\/pekititirsiacanada.org\/fr\/#website\",\"url\":\"http:\/\/pekititirsiacanada.org\/fr\/\",\"name\":\"PEKITI-TIRSIA CANADA\",\"description\":\"The Pekiti-Tirsia System of Kali of Grand Tuhon Leo T. Gaje, jr.\",\"publisher\":{\"@id\":\"http:\/\/pekititirsiacanada.org\/fr\/#organization\"},\"potentialAction\":[{\"@type\":\"SearchAction\",\"target\":{\"@type\":\"EntryPoint\",\"urlTemplate\":\"http:\/\/pekititirsiacanada.org\/fr\/?s={search_term_string}\"},\"query-input\":\"required name=search_term_string\"}],\"inLanguage\":\"fr-CA\"},{\"@type\":\"WebPage\",\"@id\":\"http:\/\/pekititirsiacanada.org\/fr\/#webpage\",\"url\":\"http:\/\/pekititirsiacanada.org\/fr\/\",\"name\":\"The Pekiti-Tirsia System of Kali in Canada - PEKITI-TIRSIA CANADA\",\"isPartOf\":{\"@id\":\"http:\/\/pekititirsiacanada.org\/fr\/#website\"},\"datePublished\":\"2019-01-21T20:16:48+00:00\",\"dateModified\":\"2021-06-17T18:44:23+00:00\",\"breadcrumb\":{\"@id\":\"http:\/\/pekititirsiacanada.org\/fr\/#breadcrumb\"},\"inLanguage\":\"fr-CA\",\"potentialAction\":[{\"@type\":\"ReadAction\",\"target\":[\"http:\/\/pekititirsiacanada.org\/fr\/\"]}]},{\"@type\":\"BreadcrumbList\",\"@id\":\"http:\/\/pekititirsiacanada.org\/fr\/#breadcrumb\",\"itemListElement\":[{\"@type\":\"ListItem\",\"position\":1,\"name\":\"Home\",\"item\":\"http:\/\/pekititirsiacanada.org\/fr\/\"},{\"@type\":\"ListItem\",\"position\":2,\"name\":\"The Pekiti-Tirsia System of Kali in Canada\"}]}]}<\/script>\n<!-- \/ Yoast SEO plugin. -->","yoast_head_json":{"title":"The Pekiti-Tirsia System of Kali in Canada - PEKITI-TIRSIA CANADA","robots":{"index":"index","follow":"follow","max-snippet":"max-snippet:-1","max-image-preview":"max-image-preview:large","max-video-preview":"max-video-preview:-1"},"canonical":"http:\/\/pekititirsiacanada.org\/fr\/","og_locale":"fr_CA","og_type":"article","og_title":"The Pekiti-Tirsia System of Kali in Canada - PEKITI-TIRSIA CANADA","og_description":"Pekiti-Tirsia Canada is dedicated to the practice and promotion of the Pekiti-Tirsia System of Kali in Canada, of Grand Tuhon Leo T. Gaje jr. Over 40 certified instructors provide training across Canada &#8211; from coast to coast to coast. Register for an event Find us on Facebook Train with us Learn more &nbsp;Contact us&nbsp;","og_url":"http:\/\/pekititirsiacanada.org\/fr\/","og_site_name":"PEKITI-TIRSIA CANADA","article_publisher":"https:\/\/www.facebook.com\/Pekiti-Tirsia-Canada-400861130692455\/","article_modified_time":"2021-06-17T18:44:23+00:00","twitter_card":"summary_large_image","twitter_misc":{"Estimation du temps de lecture":"1 minute"},"schema":{"@context":"https:\/\/schema.org","@graph":[{"@type":"Organization","@id":"http:\/\/pekititirsiacanada.org\/fr\/#organization","name":"Pekiti-Tirsia Canada","url":"http:\/\/pekititirsiacanada.org\/fr\/","sameAs":["https:\/\/www.facebook.com\/Pekiti-Tirsia-Canada-400861130692455\/","https:\/\/www.instagram.com\/pekititirsiacanada\/"],"logo":{"@type":"ImageObject","@id":"http:\/\/pekititirsiacanada.org\/fr\/#logo","inLanguage":"fr-CA","url":"http:\/\/pekititirsiacanada.org\/wp-content\/uploads\/2019\/03\/PTGObw.png","contentUrl":"http:\/\/pekititirsiacanada.org\/wp-content\/uploads\/2019\/03\/PTGObw.png","width":940,"height":924,"caption":"Pekiti-Tirsia Canada"},"image":{"@id":"http:\/\/pekititirsiacanada.org\/fr\/#logo"}},{"@type":"WebSite","@id":"http:\/\/pekititirsiacanada.org\/fr\/#website","url":"http:\/\/pekititirsiacanada.org\/fr\/","name":"PEKITI-TIRSIA CANADA","description":"The Pekiti-Tirsia System of Kali of Grand Tuhon Leo T. Gaje, jr.","publisher":{"@id":"http:\/\/pekititirsiacanada.org\/fr\/#organization"},"potentialAction":[{"@type":"SearchAction","target":{"@type":"EntryPoint","urlTemplate":"http:\/\/pekititirsiacanada.org\/fr\/?s={search_term_string}"},"query-input":"required name=search_term_string"}],"inLanguage":"fr-CA"},{"@type":"WebPage","@id":"http:\/\/pekititirsiacanada.org\/fr\/#webpage","url":"http:\/\/pekititirsiacanada.org\/fr\/","name":"The Pekiti-Tirsia System of Kali in Canada - PEKITI-TIRSIA CANADA","isPartOf":{"@id":"http:\/\/pekititirsiacanada.org\/fr\/#website"},"datePublished":"2019-01-21T20:16:48+00:00","dateModified":"2021-06-17T18:44:23+00:00","breadcrumb":{"@id":"http:\/\/pekititirsiacanada.org\/fr\/#breadcrumb"},"inLanguage":"fr-CA","potentialAction":[{"@type":"ReadAction","target":["http:\/\/pekititirsiacanada.org\/fr\/"]}]},{"@type":"BreadcrumbList","@id":"http:\/\/pekititirsiacanada.org\/fr\/#breadcrumb","itemListElement":[{"@type":"ListItem","position":1,"name":"Home","item":"http:\/\/pekititirsiacanada.org\/fr\/"},{"@type":"ListItem","position":2,"name":"The Pekiti-Tirsia System of Kali in Canada"}]}]}},"_links":{"self":[{"href":"http:\/\/pekititirsiacanada.org\/fr\/wp-json\/wp\/v2\/pages\/26"}],"collection":[{"href":"http:\/\/pekititirsiacanada.org\/fr\/wp-json\/wp\/v2\/pages"}],"about":[{"href":"http:\/\/pekititirsiacanada.org\/fr\/wp-json\/wp\/v2\/types\/page"}],"author":[{"embeddable":true,"href":"http:\/\/pekititirsiacanada.org\/fr\/wp-json\/wp\/v2\/users\/1"}],"replies":[{"embeddable":true,"href":"http:\/\/pekititirsiacanada.org\/fr\/wp-json\/wp\/v2\/comments?post=26"}],"version-history":[{"count":56,"href":"http:\/\/pekititirsiacanada.org\/fr\/wp-json\/wp\/v2\/pages\/26\/revisions"}],"predecessor-version":[{"id":527,"href":"http:\/\/pekititirsiacanada.org\/fr\/wp-json\/wp\/v2\/pages\/26\/revisions\/527"}],"wp:attachment":[{"href":"http:\/\/pekititirsiacanada.org\/fr\/wp-json\/wp\/v2\/media?parent=26"}],"curies":[{"name":"wp","href":"https:\/\/api.w.org\/{rel}","templated":true}]}}