{"id":103,"date":"2019-03-23T14:34:19","date_gmt":"2019-03-23T18:34:19","guid":{"rendered":"http:\/\/pekiti-tirsia.org\/wordpress\/?page_id=103"},"modified":"2021-03-30T02:14:11","modified_gmt":"2021-03-30T06:14:11","slug":"links","status":"publish","type":"page","link":"http:\/\/pekititirsiacanada.org\/fr\/links\/","title":{"rendered":"Liens"},"content":{"rendered":"<p>Le quartier g\u00e9n\u00e9ral du Kali Pekiti-Tirsia de Grand Tuhon Supremo Leo T. Gaje Jr.<\/p>\n\n\n\n<p class=\"has-text-align-center\"><a href=\"http:\/\/ptkgts.com\" target=\"_blank\" rel=\"noreferrer noopener\"><strong>Pekiti Tirsia Kali &#8211; Grand Tuhon Supremo<\/strong><\/a><\/p>\n\n\n\n<p>Autres organisations de Kali Pekiti-Tirsia au Canada et \u00e0 travers le monde.<\/p>\n\n\n\n<ul><li><a aria-label=\"Pekiti Tirsia International (opens in a new tab)\" rel=\"noreferrer noopener\" href=\"https:\/\/pekiti.com\/\" target=\"_blank\">Pekiti-Tirsia International (PTI)<\/a><\/li><li><a aria-label=\"Pekiti Tirsia Tactical Association (opens in a new tab)\" rel=\"noreferrer noopener\" href=\"http:\/\/teampekiti.com\" target=\"_blank\">Pekiti-Tirsia Tactical Association<\/a><a aria-label=\"Dog Brothers Canada (opens in a new tab)\" rel=\"noreferrer noopener\" href=\"http:\/\/teamsleddog.com\" target=\"_blank\"><\/a> (PTTA)<\/li><li><a aria-label=\"Pekiti-Tirsia Kali - SMF (opens in a new tab)\" rel=\"noreferrer noopener\" href=\"http:\/\/www.ptk-smf.com\/system\/\" target=\"_blank\">Pekiti-Tirsia Kali &#8211; SMF<\/a> (Saevio Militaris Faber)<\/li><li><a href=\"https:\/\/www.facebook.com\/Pekiti-Tirsia-Kali-Katipunan-1437791919857264\/\" target=\"_blank\" rel=\"noreferrer noopener\">Pekiti-Tirsia Katipunan<\/a><\/li><li><a href=\"https:\/\/ptkwf.com\/\" target=\"_blank\" rel=\"noreferrer noopener\">Pekiti-Tirsia Kali World Federation<\/a><\/li><\/ul>\n\n\n\n<p>Il existe \u00e9galement d'autres groupes d'entra\u00eenement, organisations, clubs et \u00e9coles qui offrent de la formation en Kali Pekiti-Tirsia mais il nous est impossible de tous les \u00e9num\u00e9rer.<br><\/p>\n\n\n\n<p><\/p>","protected":false},"excerpt":{"rendered":"<p>The headquarters of Pekiti Tirsia Kali of Grant Tuhon Leo T. Gaje jr. Pekiti Tirsia Kali &#8211; Grand Tuhon Supremo Other Pekiti-Tirsia Kali organizations across Canada and around the world. Pekiti-Tirsia International (PTI) Pekiti-Tirsia Tactical Association (PTTA) Pekiti-Tirsia Kali &#8211; SMF (Saevio Militaris Faber) Pekiti-Tirsia Katipunan Pekiti-Tirsia Kali World Federation There are dozens of training &hellip; <\/p>\n<p class=\"link-more\"><a href=\"http:\/\/pekititirsiacanada.org\/fr\/links\/\" class=\"more-link\">Continuer la lecture<span class=\"screen-reader-text\"> de &laquo; Links &raquo;<\/span><\/a><\/p>","protected":false},"author":1,"featured_media":0,"parent":0,"menu_order":0,"comment_status":"closed","ping_status":"closed","template":"","meta":[],"yoast_head":"<!-- This site is optimized with the Yoast SEO plugin v17.0 - https:\/\/yoast.com\/wordpress\/plugins\/seo\/ -->\n<title>Links - PEKITI-TIRSIA CANADA<\/title>\n<meta name=\"robots\" content=\"index, follow, max-snippet:-1, max-image-preview:large, max-video-preview:-1\" \/>\n<link rel=\"canonical\" href=\"https:\/\/pekititirsiacanada.org\/fr\/links\/\" \/>\n<meta property=\"og:locale\" content=\"fr_CA\" \/>\n<meta property=\"og:type\" content=\"article\" \/>\n<meta property=\"og:title\" content=\"Links - PEKITI-TIRSIA CANADA\" \/>\n<meta property=\"og:description\" content=\"The headquarters of Pekiti Tirsia Kali of Grant Tuhon Leo T. Gaje jr. Pekiti Tirsia Kali &#8211; Grand Tuhon Supremo Other Pekiti-Tirsia Kali organizations across Canada and around the world. Pekiti-Tirsia International (PTI) Pekiti-Tirsia Tactical Association (PTTA) Pekiti-Tirsia Kali &#8211; SMF (Saevio Militaris Faber) Pekiti-Tirsia Katipunan Pekiti-Tirsia Kali World Federation There are dozens of training &hellip; Continuer la lecture de &laquo; Links &raquo;\" \/>\n<meta property=\"og:url\" content=\"https:\/\/pekititirsiacanada.org\/fr\/links\/\" \/>\n<meta property=\"og:site_name\" content=\"PEKITI-TIRSIA CANADA\" \/>\n<meta property=\"article:publisher\" content=\"https:\/\/www.facebook.com\/Pekiti-Tirsia-Canada-400861130692455\/\" \/>\n<meta property=\"article:modified_time\" content=\"2021-03-30T06:14:11+00:00\" \/>\n<meta name=\"twitter:card\" content=\"summary_large_image\" \/>\n<meta name=\"twitter:label1\" content=\"Estimation du temps de lecture\" \/>\n\t<meta name=\"twitter:data1\" content=\"1 minute\" \/>\n<script type=\"application\/ld+json\" class=\"yoast-schema-graph\">{\"@context\":\"https:\/\/schema.org\",\"@graph\":[{\"@type\":\"Organization\",\"@id\":\"http:\/\/pekititirsiacanada.org\/fr\/#organization\",\"name\":\"Pekiti-Tirsia Canada\",\"url\":\"http:\/\/pekititirsiacanada.org\/fr\/\",\"sameAs\":[\"https:\/\/www.facebook.com\/Pekiti-Tirsia-Canada-400861130692455\/\",\"https:\/\/www.instagram.com\/pekititirsiacanada\/\"],\"logo\":{\"@type\":\"ImageObject\",\"@id\":\"http:\/\/pekititirsiacanada.org\/fr\/#logo\",\"inLanguage\":\"fr-CA\",\"url\":\"http:\/\/pekititirsiacanada.org\/wp-content\/uploads\/2019\/03\/PTGObw.png\",\"contentUrl\":\"http:\/\/pekititirsiacanada.org\/wp-content\/uploads\/2019\/03\/PTGObw.png\",\"width\":940,\"height\":924,\"caption\":\"Pekiti-Tirsia Canada\"},\"image\":{\"@id\":\"http:\/\/pekititirsiacanada.org\/fr\/#logo\"}},{\"@type\":\"WebSite\",\"@id\":\"http:\/\/pekititirsiacanada.org\/fr\/#website\",\"url\":\"http:\/\/pekititirsiacanada.org\/fr\/\",\"name\":\"PEKITI-TIRSIA CANADA\",\"description\":\"The Pekiti-Tirsia System of Kali of Grand Tuhon Leo T. Gaje, jr.\",\"publisher\":{\"@id\":\"http:\/\/pekititirsiacanada.org\/fr\/#organization\"},\"potentialAction\":[{\"@type\":\"SearchAction\",\"target\":{\"@type\":\"EntryPoint\",\"urlTemplate\":\"http:\/\/pekititirsiacanada.org\/fr\/?s={search_term_string}\"},\"query-input\":\"required name=search_term_string\"}],\"inLanguage\":\"fr-CA\"},{\"@type\":\"WebPage\",\"@id\":\"https:\/\/pekititirsiacanada.org\/fr\/links\/#webpage\",\"url\":\"https:\/\/pekititirsiacanada.org\/fr\/links\/\",\"name\":\"Links - PEKITI-TIRSIA CANADA\",\"isPartOf\":{\"@id\":\"http:\/\/pekititirsiacanada.org\/fr\/#website\"},\"datePublished\":\"2019-03-23T18:34:19+00:00\",\"dateModified\":\"2021-03-30T06:14:11+00:00\",\"breadcrumb\":{\"@id\":\"https:\/\/pekititirsiacanada.org\/fr\/links\/#breadcrumb\"},\"inLanguage\":\"fr-CA\",\"potentialAction\":[{\"@type\":\"ReadAction\",\"target\":[\"https:\/\/pekititirsiacanada.org\/fr\/links\/\"]}]},{\"@type\":\"BreadcrumbList\",\"@id\":\"https:\/\/pekititirsiacanada.org\/fr\/links\/#breadcrumb\",\"itemListElement\":[{\"@type\":\"ListItem\",\"position\":1,\"name\":\"Home\",\"item\":\"http:\/\/pekititirsiacanada.org\/fr\/\"},{\"@type\":\"ListItem\",\"position\":2,\"name\":\"Links\"}]}]}<\/script>\n<!-- \/ Yoast SEO plugin. -->","yoast_head_json":{"title":"Links - PEKITI-TIRSIA CANADA","robots":{"index":"index","follow":"follow","max-snippet":"max-snippet:-1","max-image-preview":"max-image-preview:large","max-video-preview":"max-video-preview:-1"},"canonical":"https:\/\/pekititirsiacanada.org\/fr\/links\/","og_locale":"fr_CA","og_type":"article","og_title":"Links - PEKITI-TIRSIA CANADA","og_description":"The headquarters of Pekiti Tirsia Kali of Grant Tuhon Leo T. Gaje jr. Pekiti Tirsia Kali &#8211; Grand Tuhon Supremo Other Pekiti-Tirsia Kali organizations across Canada and around the world. Pekiti-Tirsia International (PTI) Pekiti-Tirsia Tactical Association (PTTA) Pekiti-Tirsia Kali &#8211; SMF (Saevio Militaris Faber) Pekiti-Tirsia Katipunan Pekiti-Tirsia Kali World Federation There are dozens of training &hellip; Continuer la lecture de &laquo; Links &raquo;","og_url":"https:\/\/pekititirsiacanada.org\/fr\/links\/","og_site_name":"PEKITI-TIRSIA CANADA","article_publisher":"https:\/\/www.facebook.com\/Pekiti-Tirsia-Canada-400861130692455\/","article_modified_time":"2021-03-30T06:14:11+00:00","twitter_card":"summary_large_image","twitter_misc":{"Estimation du temps de lecture":"1 minute"},"schema":{"@context":"https:\/\/schema.org","@graph":[{"@type":"Organization","@id":"http:\/\/pekititirsiacanada.org\/fr\/#organization","name":"Pekiti-Tirsia Canada","url":"http:\/\/pekititirsiacanada.org\/fr\/","sameAs":["https:\/\/www.facebook.com\/Pekiti-Tirsia-Canada-400861130692455\/","https:\/\/www.instagram.com\/pekititirsiacanada\/"],"logo":{"@type":"ImageObject","@id":"http:\/\/pekititirsiacanada.org\/fr\/#logo","inLanguage":"fr-CA","url":"http:\/\/pekititirsiacanada.org\/wp-content\/uploads\/2019\/03\/PTGObw.png","contentUrl":"http:\/\/pekititirsiacanada.org\/wp-content\/uploads\/2019\/03\/PTGObw.png","width":940,"height":924,"caption":"Pekiti-Tirsia Canada"},"image":{"@id":"http:\/\/pekititirsiacanada.org\/fr\/#logo"}},{"@type":"WebSite","@id":"http:\/\/pekititirsiacanada.org\/fr\/#website","url":"http:\/\/pekititirsiacanada.org\/fr\/","name":"PEKITI-TIRSIA CANADA","description":"The Pekiti-Tirsia System of Kali of Grand Tuhon Leo T. Gaje, jr.","publisher":{"@id":"http:\/\/pekititirsiacanada.org\/fr\/#organization"},"potentialAction":[{"@type":"SearchAction","target":{"@type":"EntryPoint","urlTemplate":"http:\/\/pekititirsiacanada.org\/fr\/?s={search_term_string}"},"query-input":"required name=search_term_string"}],"inLanguage":"fr-CA"},{"@type":"WebPage","@id":"https:\/\/pekititirsiacanada.org\/fr\/links\/#webpage","url":"https:\/\/pekititirsiacanada.org\/fr\/links\/","name":"Links - PEKITI-TIRSIA CANADA","isPartOf":{"@id":"http:\/\/pekititirsiacanada.org\/fr\/#website"},"datePublished":"2019-03-23T18:34:19+00:00","dateModified":"2021-03-30T06:14:11+00:00","breadcrumb":{"@id":"https:\/\/pekititirsiacanada.org\/fr\/links\/#breadcrumb"},"inLanguage":"fr-CA","potentialAction":[{"@type":"ReadAction","target":["https:\/\/pekititirsiacanada.org\/fr\/links\/"]}]},{"@type":"BreadcrumbList","@id":"https:\/\/pekititirsiacanada.org\/fr\/links\/#breadcrumb","itemListElement":[{"@type":"ListItem","position":1,"name":"Home","item":"http:\/\/pekititirsiacanada.org\/fr\/"},{"@type":"ListItem","position":2,"name":"Links"}]}]}},"_links":{"self":[{"href":"http:\/\/pekititirsiacanada.org\/fr\/wp-json\/wp\/v2\/pages\/103"}],"collection":[{"href":"http:\/\/pekititirsiacanada.org\/fr\/wp-json\/wp\/v2\/pages"}],"about":[{"href":"http:\/\/pekititirsiacanada.org\/fr\/wp-json\/wp\/v2\/types\/page"}],"author":[{"embeddable":true,"href":"http:\/\/pekititirsiacanada.org\/fr\/wp-json\/wp\/v2\/users\/1"}],"replies":[{"embeddable":true,"href":"http:\/\/pekititirsiacanada.org\/fr\/wp-json\/wp\/v2\/comments?post=103"}],"version-history":[{"count":12,"href":"http:\/\/pekititirsiacanada.org\/fr\/wp-json\/wp\/v2\/pages\/103\/revisions"}],"predecessor-version":[{"id":404,"href":"http:\/\/pekititirsiacanada.org\/fr\/wp-json\/wp\/v2\/pages\/103\/revisions\/404"}],"wp:attachment":[{"href":"http:\/\/pekititirsiacanada.org\/fr\/wp-json\/wp\/v2\/media?parent=103"}],"curies":[{"name":"wp","href":"https:\/\/api.w.org\/{rel}","templated":true}]}}